{"id":740,"date":"2020-03-04T15:57:02","date_gmt":"2020-03-04T15:57:02","guid":{"rendered":"https:\/\/cuttingstonemachine.com\/?page_id=740"},"modified":"2020-07-04T10:06:01","modified_gmt":"2020-07-04T10:06:01","slug":"azienda","status":"publish","type":"page","link":"https:\/\/cuttingstonemachine.com\/it\/azienda\/","title":{"rendered":"Azienda"},"content":{"rendered":"\n\n  <div class=\"banner has-hover\" id=\"banner-43852713\">\n          <div class=\"banner-inner fill\">\n        <div class=\"banner-bg fill\" >\n            <div class=\"bg fill bg-fill \"><\/div>\n                                    \n                    <\/div><!-- bg-layers -->\n        <div class=\"banner-layers container\">\n            <div class=\"fill banner-link\"><\/div>            \n\n   <div id=\"text-box-579766449\" class=\"text-box banner-layer x50 md-x50 lg-x50 y70 md-y70 lg-y70 res-text\">\n                                <div class=\"text dark\">\n              \n              <div class=\"text-inner text-center\">\n                  \n\n<h2 class=\"uppercase\"><strong>ma.ca. dal 1974<\/strong><\/h2>\n<p>MA.CA. officina meccanica \u00e8 nata nel 1974 a Civita Castellana (VT), una citt\u00e0 ricca di innumerevoli miniere, dove \u00e8 possibile estrarre molti tipi di pietre, come tufo, arenaria, calcare, pietra vulcanica, peperino e cos\u00ec via.<\/p>\n\n              <\/div>\n           <\/div><!-- text-box-inner -->\n                            \n<style scope=\"scope\">\n\n#text-box-579766449 {\n  width: 55%;\n}\n#text-box-579766449 .text {\n  font-size: 100%;\n}\n<\/style>\n    <\/div><!-- text-box -->\n \n\n        <\/div><!-- .banner-layers -->\n      <\/div><!-- .banner-inner -->\n\n            \n<style scope=\"scope\">\n\n#banner-43852713 {\n  padding-top: 650px;\n  background-color: rgb(35, 31, 32);\n}\n#banner-43852713 .bg.bg-loaded {\n  background-image: url(https:\/\/cuttingstonemachine.com\/wp-content\/uploads\/2020\/01\/sfondo-geometrico.jpg);\n}\n#banner-43852713 .bg {\n  background-position: 50% 0%;\n}\n<\/style>\n  <\/div><!-- .banner -->\n\n\n<div class=\"row\"  id=\"row-2070834642\">\n\n<div class=\"col medium-6 small-12 large-6\"  data-animate=\"fadeInUp\"><div class=\"col-inner\"  >\n\n\t<div id=\"gap-19283476\" class=\"gap-element clearfix\" style=\"display:block; height:auto;\">\n\t\t\n<style scope=\"scope\">\n\n#gap-19283476 {\n  padding-top: 40px;\n}\n<\/style>\n\t<\/div>\n\t\n\n<div class=\"container section-title-container\" ><h3 class=\"section-title section-title-center\"><b><\/b><span class=\"section-title-main\" >Chi siamo<\/span><b><\/b><\/h3><\/div><!-- .section-title -->\n\n<p style=\"text-align: justify;\">MA.CA. \u00e8 specializzata nella costruzione e riparazione di macchine taglia tufo, segatrici e macchine da cava per realizzare blocchi di pietra da utilizzare nella gamma di edifici.<\/p>\n\n<\/div><\/div>\n<div class=\"col medium-6 small-12 large-6\"  ><div class=\"col-inner\"  >\n\n\t<div class=\"img has-hover x md-x lg-x y md-y lg-y\" id=\"image_1996706690\">\n\t\t\t\t\t\t<div data-animate=\"fadeInRight\">\t\t<div class=\"img-inner dark\" >\n\t\t\t<img width=\"640\" height=\"360\" src=\"https:\/\/cuttingstonemachine.com\/wp-content\/uploads\/2019\/12\/maca.jpg\" class=\"attachment-original size-original\" alt=\"\" loading=\"lazy\" srcset=\"https:\/\/cuttingstonemachine.com\/wp-content\/uploads\/2019\/12\/maca.jpg 640w, https:\/\/cuttingstonemachine.com\/wp-content\/uploads\/2019\/12\/maca-300x169.jpg 300w\" sizes=\"(max-width: 640px) 100vw, 640px\" \/>\t\t\t\t\t\t\n\t\t\t\t\t<\/div>\n\t\t<\/div>\t\t\t\t\t\t\n<style scope=\"scope\">\n\n#image_1996706690 {\n  width: 100%;\n}\n<\/style>\n\t<\/div>\n\t\n\n\t<div id=\"gap-664250057\" class=\"gap-element clearfix\" style=\"display:block; height:auto;\">\n\t\t\n<style scope=\"scope\">\n\n#gap-664250057 {\n  padding-top: 53px;\n}\n<\/style>\n\t<\/div>\n\t\n\n\n<\/div><\/div>\n\n<\/div>\n\t<section class=\"section has-mask mask-angled-large\" id=\"section_1587756701\">\n\t\t<div class=\"bg section-bg fill bg-fill  bg-loaded\" >\n\n\t\t\t\n\t\t\t<div class=\"section-bg-overlay absolute fill\"><\/div>\n\t\t\t\n\n\t\t<\/div><!-- .section-bg -->\n\n\t\t<div class=\"section-content relative\">\n\t\t\t\n\n<div class=\"row\"  id=\"row-1523489520\">\n\n<div class=\"col medium-5 small-12 large-5\"  data-animate=\"fadeInLeft\"><div class=\"col-inner\"  >\n\n\t<div class=\"img has-hover x md-x lg-x y md-y lg-y\" id=\"image_2057518384\">\n\t\t\t\t\t\t\t\t<div class=\"img-inner dark\" >\n\t\t\t<img width=\"1020\" height=\"678\" src=\"https:\/\/cuttingstonemachine.com\/wp-content\/uploads\/2020\/01\/maca-1-1024x681.jpg\" class=\"attachment-large size-large\" alt=\"\" loading=\"lazy\" srcset=\"https:\/\/cuttingstonemachine.com\/wp-content\/uploads\/2020\/01\/maca-1-1024x681.jpg 1024w, https:\/\/cuttingstonemachine.com\/wp-content\/uploads\/2020\/01\/maca-1-300x200.jpg 300w, https:\/\/cuttingstonemachine.com\/wp-content\/uploads\/2020\/01\/maca-1-768x511.jpg 768w, https:\/\/cuttingstonemachine.com\/wp-content\/uploads\/2020\/01\/maca-1-1536x1022.jpg 1536w, https:\/\/cuttingstonemachine.com\/wp-content\/uploads\/2020\/01\/maca-1.jpg 1920w\" sizes=\"(max-width: 1020px) 100vw, 1020px\" \/>\t\t\t\t\t\t\n\t\t\t\t\t<\/div>\n\t\t\t\t\t\t\t\t\n<style scope=\"scope\">\n\n#image_2057518384 {\n  width: 100%;\n}\n<\/style>\n\t<\/div>\n\t\n\n\n<\/div><\/div>\n<div class=\"col medium-7 small-12 large-7\"  data-animate=\"fadeInUp\"><div class=\"col-inner\"  >\n\n\t<div id=\"gap-777427511\" class=\"gap-element clearfix\" style=\"display:block; height:auto;\">\n\t\t\n<style scope=\"scope\">\n\n#gap-777427511 {\n  padding-top: 50px;\n}\n<\/style>\n\t<\/div>\n\t\n\n<p><img loading=\"lazy\" class=\"alignnone wp-image-204 size-thumbnail\" src=\"http:\/\/cuttingstonemachine.com\/wp-content\/uploads\/2020\/01\/made-in-italy-logo-1-150x42.png\" alt=\"\" width=\"150\" height=\"42\" \/><\/p>\n<p>Va sottolineato che MA.CA. \u00e8 un&#8217;azienda che si distingue da molti anni sul mercato per seriet\u00e0, competenza e materiali tutti made in Italy.<\/p>\n\n<\/div><\/div>\n\n<\/div>\n\n\t\t<\/div><!-- .section-content -->\n\n\t\t\n<style scope=\"scope\">\n\n#section_1587756701 {\n  padding-top: 75px;\n  padding-bottom: 75px;\n  background-color: rgb(255, 255, 255);\n}\n#section_1587756701 .section-bg-overlay {\n  background-color: rgb(246, 246, 246);\n}\n<\/style>\n\t<\/section>\n\t\n\t<section class=\"section has-mask mask-angled-large\" id=\"section_1388163363\">\n\t\t<div class=\"bg section-bg fill bg-fill  bg-loaded\" >\n\n\t\t\t\n\t\t\t\n\t\t\t\n\n\t\t<\/div><!-- .section-bg -->\n\n\t\t<div class=\"section-content relative\">\n\t\t\t\n\n\t<div id=\"gap-1418670435\" class=\"gap-element clearfix\" style=\"display:block; height:auto;\">\n\t\t\n<style scope=\"scope\">\n\n#gap-1418670435 {\n  padding-top: 100px;\n}\n<\/style>\n\t<\/div>\n\t\n\n<div class=\"row\"  id=\"row-2056811563\">\n\n<div class=\"col small-12 large-12\"  ><div class=\"col-inner text-center\"  >\n\n<div class=\"social-icons follow-icons\" style=\"font-size:150%\"><a href=\"#\" target=\"_blank\" data-label=\"Facebook\"  rel=\"noopener noreferrer nofollow\" class=\"icon button circle is-outline facebook tooltip\" title=\"Seguici su Facebook\"><i class=\"icon-facebook\" ><\/i><\/a><a href=\"#\" target=\"_blank\" rel=\"noopener noreferrer nofollow\" data-label=\"Instagram\" class=\"icon button circle is-outline  instagram tooltip\" title=\"Seguici su Instagram\"><i class=\"icon-instagram\" ><\/i><\/a><a href=\"mailto:#\" data-label=\"E-mail\"  rel=\"nofollow\" class=\"icon button circle is-outline  email tooltip\" title=\"Inviaci un'email\"><i class=\"icon-envelop\" ><\/i><\/a><a href=\"tel:#\" target=\"_blank\"  data-label=\"Phone\"  rel=\"noopener noreferrer nofollow\" class=\"icon button circle is-outline  phone tooltip\" title=\"Call us\"><i class=\"icon-phone\" ><\/i><\/a><a href=\"#\" target=\"_blank\" rel=\"noopener noreferrer nofollow\" data-label=\"LinkedIn\" class=\"icon button circle is-outline  linkedin tooltip\" title=\"Follow on LinkedIn\"><i class=\"icon-linkedin\" ><\/i><\/a><a href=\"https:\/\/www.youtube.com\/channel\/UCvbqEdKDFkZONPatfFIyPMg\" target=\"_blank\" rel=\"noopener noreferrer nofollow\" data-label=\"YouTube\" class=\"icon button circle is-outline  youtube tooltip\" title=\"Seguici su YouTube\"><i class=\"icon-youtube\" ><\/i><\/a><\/div>\n\n\n<\/div><\/div>\n\n<\/div>\n\n\t\t<\/div><!-- .section-content -->\n\n\t\t\n<style scope=\"scope\">\n\n#section_1388163363 {\n  padding-top: 0px;\n  padding-bottom: 0px;\n  background-color: rgb(35, 31, 32);\n}\n<\/style>\n\t<\/section>\n\t\n\n","protected":false},"excerpt":{"rendered":"","protected":false},"author":2,"featured_media":0,"parent":0,"menu_order":0,"comment_status":"closed","ping_status":"closed","template":"page-transparent-header.php","meta":[],"_links":{"self":[{"href":"https:\/\/cuttingstonemachine.com\/it\/wp-json\/wp\/v2\/pages\/740"}],"collection":[{"href":"https:\/\/cuttingstonemachine.com\/it\/wp-json\/wp\/v2\/pages"}],"about":[{"href":"https:\/\/cuttingstonemachine.com\/it\/wp-json\/wp\/v2\/types\/page"}],"author":[{"embeddable":true,"href":"https:\/\/cuttingstonemachine.com\/it\/wp-json\/wp\/v2\/users\/2"}],"replies":[{"embeddable":true,"href":"https:\/\/cuttingstonemachine.com\/it\/wp-json\/wp\/v2\/comments?post=740"}],"version-history":[{"count":6,"href":"https:\/\/cuttingstonemachine.com\/it\/wp-json\/wp\/v2\/pages\/740\/revisions"}],"predecessor-version":[{"id":871,"href":"https:\/\/cuttingstonemachine.com\/it\/wp-json\/wp\/v2\/pages\/740\/revisions\/871"}],"wp:attachment":[{"href":"https:\/\/cuttingstonemachine.com\/it\/wp-json\/wp\/v2\/media?parent=740"}],"curies":[{"name":"wp","href":"https:\/\/api.w.org\/{rel}","templated":true}]}}