{"id":734,"date":"2020-03-04T15:49:35","date_gmt":"2020-03-04T15:49:35","guid":{"rendered":"https:\/\/cuttingstonemachine.com\/?page_id=734"},"modified":"2021-04-12T15:41:18","modified_gmt":"2021-04-12T15:41:18","slug":"home","status":"publish","type":"page","link":"https:\/\/cuttingstonemachine.com\/it\/","title":{"rendered":"Home &#8211; Macchine taglia tufo"},"content":{"rendered":"\n\n  <div class=\"banner has-hover\" id=\"banner-809485490\">\n          <div class=\"banner-inner fill\">\n        <div class=\"banner-bg fill\" >\n            <div class=\"bg fill bg-fill \"><\/div>\n                                    \n                    <\/div><!-- bg-layers -->\n        <div class=\"banner-layers container\">\n            <div class=\"fill banner-link\"><\/div>            \n\n   <div id=\"text-box-1687516278\" class=\"text-box banner-layer x50 md-x50 lg-x50 y75 md-y75 lg-y75 res-text\">\n                                <div class=\"text dark\">\n              \n              <div class=\"text-inner text-center\">\n                  \n\n<h2 class=\"uppercase\"><strong>Macchine taglia tufo<\/strong><\/h2>\n<p>Le nostre macchine MA.CA. mt.180 sono vendute in tutto il mondo provando, grazie alla costruzione propria nel nostro stabilimento, a soddisfare ogni richiesta del cliente e curando i minimi dettagli, supportati da impianti di alta precisione e materiali di alta qualit\u00e0 ed alta classe di prodotti.<\/p>\n\n              <\/div>\n           <\/div><!-- text-box-inner -->\n                            \n<style scope=\"scope\">\n\n#text-box-1687516278 {\n  width: 56%;\n}\n#text-box-1687516278 .text {\n  font-size: 100%;\n}\n<\/style>\n    <\/div><!-- text-box -->\n \n\n        <\/div><!-- .banner-layers -->\n      <\/div><!-- .banner-inner -->\n\n            \n<style scope=\"scope\">\n\n#banner-809485490 {\n  padding-top: 650px;\n  background-color: rgb(35, 31, 32);\n}\n#banner-809485490 .bg.bg-loaded {\n  background-image: url(https:\/\/cuttingstonemachine.com\/wp-content\/uploads\/2020\/01\/sfondo-geometrico.jpg);\n}\n#banner-809485490 .bg {\n  background-position: 55% 0%;\n}\n<\/style>\n  <\/div><!-- .banner -->\n\n\n\t<div id=\"gap-1961150292\" class=\"gap-element clearfix\" style=\"display:block; height:auto;\">\n\t\t\n<style scope=\"scope\">\n\n#gap-1961150292 {\n  padding-top: 50px;\n}\n<\/style>\n\t<\/div>\n\t\n\n<div class=\"row\"  id=\"row-1670403251\">\n\n<div class=\"col medium-5 small-12 large-5\"  data-animate=\"fadeInUp\"><div class=\"col-inner\"  >\n\n\t<div id=\"gap-591587151\" class=\"gap-element clearfix\" style=\"display:block; height:auto;\">\n\t\t\n<style scope=\"scope\">\n\n#gap-591587151 {\n  padding-top: 40px;\n}\n<\/style>\n\t<\/div>\n\t\n\n<div class=\"container section-title-container\" ><h3 class=\"section-title section-title-center\"><b><\/b><span class=\"section-title-main\" >Esperienza<\/span><b><\/b><\/h3><\/div><!-- .section-title -->\n\n<p style=\"text-align: justify;\">Ma.Ca. di Marchetti Vasco &amp; C. s.n.c. ha a che fare con la gamma meccanica di alta precisione.<\/p>\n<p style=\"text-align: justify;\">Vantando un&#8217;esperienza trentennale, l&#8217;azienda \u00e8 in grado di realizzare, oltre alle sue segatrici speciali per tufo, arenarie e pietre dure,<\/p>\n<p style=\"text-align: justify;\">in particolare, inoltre, \u00e8 in grado di soddisfare progetti su richiesta dei clienti, macchine industriali di alta precisione, ruote dentate, sostituzioni e lavori di carpenteria.<\/p>\n\n<\/div><\/div>\n<div class=\"col medium-7 small-12 large-7\"  ><div class=\"col-inner\"  >\n\n\t<div class=\"img has-hover x md-x lg-x y md-y lg-y\" id=\"image_1862552554\">\n\t\t\t\t\t\t<div data-animate=\"fadeInRight\">\t\t<div class=\"img-inner dark\" >\n\t\t\t<img width=\"700\" height=\"627\" src=\"https:\/\/cuttingstonemachine.com\/wp-content\/uploads\/2020\/02\/macchina-maca.jpg\" class=\"attachment-original size-original\" alt=\"cutting stone machine\" loading=\"lazy\" srcset=\"https:\/\/cuttingstonemachine.com\/wp-content\/uploads\/2020\/02\/macchina-maca.jpg 700w, https:\/\/cuttingstonemachine.com\/wp-content\/uploads\/2020\/02\/macchina-maca-300x269.jpg 300w\" sizes=\"(max-width: 700px) 100vw, 700px\" \/>\t\t\t\t\t\t\n\t\t\t\t\t<\/div>\n\t\t<\/div>\t\t\t\t\t\t\n<style scope=\"scope\">\n\n#image_1862552554 {\n  width: 100%;\n}\n<\/style>\n\t<\/div>\n\t\n\n\t<div id=\"gap-1913754141\" class=\"gap-element clearfix\" style=\"display:block; height:auto;\">\n\t\t\n<style scope=\"scope\">\n\n#gap-1913754141 {\n  padding-top: 53px;\n}\n<\/style>\n\t<\/div>\n\t\n\n\n<\/div><\/div>\n\n<\/div>\n\t<section class=\"section has-mask mask-angled-large\" id=\"section_370394864\">\n\t\t<div class=\"bg section-bg fill bg-fill  \" >\n\n\t\t\t\n\t\t\t<div class=\"section-bg-overlay absolute fill\"><\/div>\n\t\t\t\n\n\t\t<\/div><!-- .section-bg -->\n\n\t\t<div class=\"section-content relative\">\n\t\t\t\n\n\t<div id=\"gap-1534854833\" class=\"gap-element clearfix\" style=\"display:block; height:auto;\">\n\t\t\n<style scope=\"scope\">\n\n#gap-1534854833 {\n  padding-top: 50px;\n}\n<\/style>\n\t<\/div>\n\t\n\n<div class=\"row\"  id=\"row-1012626171\">\n\n<div class=\"col medium-5 small-12 large-5\"  data-animate=\"fadeInLeft\"><div class=\"col-inner\"  >\n\n\t<div class=\"img has-hover x md-x lg-x y md-y lg-y\" id=\"image_191140787\">\n\t\t\t\t\t\t\t\t<div class=\"img-inner dark\" >\n\t\t\t<img width=\"600\" height=\"394\" src=\"https:\/\/cuttingstonemachine.com\/wp-content\/uploads\/2020\/02\/tagliailtufo21.jpg\" class=\"attachment-large size-large\" alt=\"maca cutting stone machine\" loading=\"lazy\" srcset=\"https:\/\/cuttingstonemachine.com\/wp-content\/uploads\/2020\/02\/tagliailtufo21.jpg 600w, https:\/\/cuttingstonemachine.com\/wp-content\/uploads\/2020\/02\/tagliailtufo21-300x197.jpg 300w\" sizes=\"(max-width: 600px) 100vw, 600px\" \/>\t\t\t\t\t\t\n\t\t\t\t\t<\/div>\n\t\t\t\t\t\t\t\t\n<style scope=\"scope\">\n\n#image_191140787 {\n  width: 100%;\n}\n<\/style>\n\t<\/div>\n\t\n\n\n<\/div><\/div>\n<div class=\"col medium-7 small-12 large-7\"  data-animate=\"fadeInUp\"><div class=\"col-inner\"  >\n\n\t<div id=\"gap-632738529\" class=\"gap-element clearfix\" style=\"display:block; height:auto;\">\n\t\t\n<style scope=\"scope\">\n\n#gap-632738529 {\n  padding-top: 40px;\n}\n<\/style>\n\t<\/div>\n\t\n\n<div class=\"container section-title-container\" ><h3 class=\"section-title section-title-center\"><b><\/b><span class=\"section-title-main\" >Competenza e disponibilit\u00e0<\/span><b><\/b><\/h3><\/div><!-- .section-title -->\n\n<p style=\"text-align: justify;\">Le macchine MA.CA. sono sicure, molto funzionali ed efficienti. Va sottolineato, inoltre, che MA.CA. \u00e8 un&#8217;azienda a conduzione familiare che si distingue da molti anni per seriet\u00e0, competenza e disponibilit\u00e0.<\/p>\n\n<\/div><\/div>\n\n<\/div>\n\n\t\t<\/div><!-- .section-content -->\n\n\t\t\n<style scope=\"scope\">\n\n#section_370394864 {\n  padding-top: 75px;\n  padding-bottom: 75px;\n}\n#section_370394864 .section-bg-overlay {\n  background-color: rgba(0, 0, 0, 0);\n}\n#section_370394864 .section-bg.bg-loaded {\n  background-image: url(https:\/\/cuttingstonemachine.com\/wp-content\/uploads\/2020\/02\/sfondo-geometrico-chiaro-1.jpg);\n}\n#section_370394864 .section-bg {\n  background-position: 49% 0%;\n}\n<\/style>\n\t<\/section>\n\t\n\t<section class=\"section has-mask mask-angled-large\" id=\"section_632379655\">\n\t\t<div class=\"bg section-bg fill bg-fill  bg-loaded\" >\n\n\t\t\t\n\t\t\t\n\t\t\t\n\n\t\t<\/div><!-- .section-bg -->\n\n\t\t<div class=\"section-content relative\">\n\t\t\t\n\n\t<div id=\"gap-1513784153\" class=\"gap-element clearfix\" style=\"display:block; height:auto;\">\n\t\t\n<style scope=\"scope\">\n\n#gap-1513784153 {\n  padding-top: 100px;\n}\n<\/style>\n\t<\/div>\n\t\n\n<div class=\"row\"  id=\"row-126117362\">\n\n<div class=\"col small-12 large-12\"  ><div class=\"col-inner text-center\"  >\n\n<div class=\"social-icons follow-icons\" style=\"font-size:150%\"><a href=\"#\" target=\"_blank\" data-label=\"Facebook\"  rel=\"noopener noreferrer nofollow\" class=\"icon button circle is-outline facebook tooltip\" title=\"Seguici su Facebook\"><i class=\"icon-facebook\" ><\/i><\/a><a href=\"#\" target=\"_blank\" rel=\"noopener noreferrer nofollow\" data-label=\"Instagram\" class=\"icon button circle is-outline  instagram tooltip\" title=\"Seguici su Instagram\"><i class=\"icon-instagram\" ><\/i><\/a><a href=\"mailto:#\" data-label=\"E-mail\"  rel=\"nofollow\" class=\"icon button circle is-outline  email tooltip\" title=\"Inviaci un'email\"><i class=\"icon-envelop\" ><\/i><\/a><a href=\"tel:#\" target=\"_blank\"  data-label=\"Phone\"  rel=\"noopener noreferrer nofollow\" class=\"icon button circle is-outline  phone tooltip\" title=\"Call us\"><i class=\"icon-phone\" ><\/i><\/a><a href=\"#\" target=\"_blank\" rel=\"noopener noreferrer nofollow\" data-label=\"LinkedIn\" class=\"icon button circle is-outline  linkedin tooltip\" title=\"Follow on LinkedIn\"><i class=\"icon-linkedin\" ><\/i><\/a><a href=\"https:\/\/www.youtube.com\/channel\/UCvbqEdKDFkZONPatfFIyPMg\" target=\"_blank\" rel=\"noopener noreferrer nofollow\" data-label=\"YouTube\" class=\"icon button circle is-outline  youtube tooltip\" title=\"Seguici su YouTube\"><i class=\"icon-youtube\" ><\/i><\/a><\/div>\n\n\n<\/div><\/div>\n\n<\/div>\n\n\t\t<\/div><!-- .section-content -->\n\n\t\t\n<style scope=\"scope\">\n\n#section_632379655 {\n  padding-top: 0px;\n  padding-bottom: 0px;\n  background-color: rgb(35, 31, 32);\n}\n<\/style>\n\t<\/section>\n\t\n<div id=\"newsletter-signup-link\"\n    class=\"lightbox-by-id lightbox-content mfp-hide lightbox-white \"\n    style=\"max-width:600px ;padding:20px\">\n    \n\n  <div class=\"banner has-hover\" id=\"banner-124009907\">\n          <div class=\"banner-inner fill\">\n        <div class=\"banner-bg fill\" >\n            <div class=\"bg fill bg-fill \"><\/div>\n                                    \n                    <\/div><!-- bg-layers -->\n        <div class=\"banner-layers container\">\n            <div class=\"fill banner-link\"><\/div>            \n   <div id=\"text-box-823395236\" class=\"text-box banner-layer x50 md-x50 lg-x50 y50 md-y50 lg-y50 res-text\">\n                                <div class=\"text dark\">\n              \n              <div class=\"text-inner text-center\">\n                  \n<h3>Email ufficiale:<br><strong>info@cuttingstonemachine.com<\/strong><\/h3>\n<h3><br>Telefono ufficiale:<br><strong>+39 339 6823578<\/strong><\/h3>\n<h5>diffidare da comunicazioni che provengono da canali non ufficiali<\/h5>\n              <\/div>\n           <\/div><!-- text-box-inner -->\n                            \n<style scope=\"scope\">\n\n#text-box-823395236 {\n  width: 100%;\n}\n#text-box-823395236 .text {\n  font-size: 100%;\n}\n<\/style>\n    <\/div><!-- text-box -->\n \n        <\/div><!-- .banner-layers -->\n      <\/div><!-- .banner-inner -->\n\n            \n<style scope=\"scope\">\n\n#banner-124009907 {\n  padding-top: 500px;\n}\n<\/style>\n  <\/div><!-- .banner -->\n\n\n<\/div>\n<script>\n\/\/ Auto open lightboxes\njQuery(document).ready(function($) {\n\n    \/\/ auto open lightbox\n           cookie(\"lightbox_newsletter-signup-link\", false);    \/\/ run lightbox if no cookie is set\n     if(cookie(\"lightbox_newsletter-signup-link\") !== 'opened'){\n          \/\/ Open lightbox\n          setTimeout(function(){\n              $.magnificPopup.open({midClick: true, removalDelay: 300, items: { src: '#newsletter-signup-link', type: 'inline'}});\n          }, 3000);\n\n          \/\/ set cookie\n          cookie(\"lightbox_newsletter-signup-link\", \"opened\");\n      }\n});\n<\/script>\n\n\n","protected":false},"excerpt":{"rendered":"","protected":false},"author":2,"featured_media":0,"parent":0,"menu_order":0,"comment_status":"closed","ping_status":"closed","template":"page-transparent-header.php","meta":[],"_links":{"self":[{"href":"https:\/\/cuttingstonemachine.com\/it\/wp-json\/wp\/v2\/pages\/734"}],"collection":[{"href":"https:\/\/cuttingstonemachine.com\/it\/wp-json\/wp\/v2\/pages"}],"about":[{"href":"https:\/\/cuttingstonemachine.com\/it\/wp-json\/wp\/v2\/types\/page"}],"author":[{"embeddable":true,"href":"https:\/\/cuttingstonemachine.com\/it\/wp-json\/wp\/v2\/users\/2"}],"replies":[{"embeddable":true,"href":"https:\/\/cuttingstonemachine.com\/it\/wp-json\/wp\/v2\/comments?post=734"}],"version-history":[{"count":12,"href":"https:\/\/cuttingstonemachine.com\/it\/wp-json\/wp\/v2\/pages\/734\/revisions"}],"predecessor-version":[{"id":976,"href":"https:\/\/cuttingstonemachine.com\/it\/wp-json\/wp\/v2\/pages\/734\/revisions\/976"}],"wp:attachment":[{"href":"https:\/\/cuttingstonemachine.com\/it\/wp-json\/wp\/v2\/media?parent=734"}],"curies":[{"name":"wp","href":"https:\/\/api.w.org\/{rel}","templated":true}]}}