{"id":796,"date":"2020-03-04T17:35:06","date_gmt":"2020-03-04T17:35:06","guid":{"rendered":"https:\/\/cuttingstonemachine.com\/?page_id=796"},"modified":"2020-07-04T10:07:51","modified_gmt":"2020-07-04T10:07:51","slug":"couper-le-tuf","status":"publish","type":"page","link":"https:\/\/cuttingstonemachine.com\/fr\/couper-le-tuf\/","title":{"rendered":"Couper le tuf"},"content":{"rendered":"\n\n  <div class=\"banner has-hover\" id=\"banner-441303645\">\n          <div class=\"banner-inner fill\">\n        <div class=\"banner-bg fill\" >\n            <div class=\"bg fill bg-fill \"><\/div>\n                                    \n                    <\/div><!-- bg-layers -->\n        <div class=\"banner-layers container\">\n            <div class=\"fill banner-link\"><\/div>            \n\n   <div id=\"text-box-1270863000\" class=\"text-box banner-layer x50 md-x50 lg-x50 y65 md-y65 lg-y65 res-text\">\n                                <div class=\"text dark\">\n              \n              <div class=\"text-inner text-center\">\n                  \n\n<h2 class=\"uppercase\">Production de machines de coupe de tuf<\/h2>\n<p>Producteur de machines de coupe de tuf (ex co.me.ta) MA.CA. mt. 180 MOTEUR<\/p>\n\n              <\/div>\n           <\/div><!-- text-box-inner -->\n                            \n<style scope=\"scope\">\n\n#text-box-1270863000 {\n  width: 66%;\n}\n#text-box-1270863000 .text {\n  font-size: 100%;\n}\n<\/style>\n    <\/div><!-- text-box -->\n \n\n        <\/div><!-- .banner-layers -->\n      <\/div><!-- .banner-inner -->\n\n            \n<style scope=\"scope\">\n\n#banner-441303645 {\n  padding-top: 650px;\n  background-color: rgb(35, 31, 32);\n}\n#banner-441303645 .bg.bg-loaded {\n  background-image: url(https:\/\/cuttingstonemachine.com\/wp-content\/uploads\/2020\/01\/sfondo-geometrico.jpg);\n}\n#banner-441303645 .bg {\n  background-position: 52% 0%;\n}\n<\/style>\n  <\/div><!-- .banner -->\n\n\n<div class=\"row\"  id=\"row-511178148\">\n\n<div class=\"col medium-5 small-12 large-5\"  data-animate=\"fadeInUp\"><div class=\"col-inner\"  >\n\n<div class=\"container section-title-container\" ><h3 class=\"section-title section-title-center\"><b><\/b><span class=\"section-title-main\" >production<\/span><b><\/b><\/h3><\/div><!-- .section-title -->\n\n<p style=\"text-align: justify;\">La construction de la machine commence par le ch\u00e2ssis utilisant les meilleurs mat\u00e9riaux en acier de qualit\u00e9 pour assembler tous les types de pi\u00e8ces, qui sont fabriqu\u00e9s avec des soudures sp\u00e9ciales ou des bourrages de boulons automatiques, puis huit roues motrices sont gliss\u00e9es ensemble sur leur ch\u00e2ssis \u00e0 partir d&rsquo;une cha\u00eene large et robuste.<\/p>\n<p style=\"text-align: justify;\">La prochaine \u00e9tape est le positionnement du moteur, \u00e9tant de diff\u00e9rents types et marques selon les demandes des clients: Deutz diesel v8 &#8211; Swisel diesel v6 \/ v8.<br \/>Le moteur \u00e9lectrique est d&rsquo;environ 180 tr \/ min et la puissance varie de 150 \u00e0 220.<\/p>\n\n<\/div><\/div>\n<div class=\"col medium-7 small-12 large-7\"  ><div class=\"col-inner\"  >\n\n<div class=\"slider-wrapper relative\" id=\"slider-144595091\" >\n    <div class=\"slider slider-nav-circle slider-nav-large slider-nav-light slider-style-normal\"\n        data-flickity-options='{\n            \"cellAlign\": \"center\",\n            \"imagesLoaded\": true,\n            \"lazyLoad\": 1,\n            \"freeScroll\": false,\n            \"wrapAround\": true,\n            \"autoPlay\": 3000,\n            \"pauseAutoPlayOnHover\" : true,\n            \"prevNextButtons\": true,\n            \"contain\" : true,\n            \"adaptiveHeight\" : true,\n            \"dragThreshold\" : 10,\n            \"percentPosition\": true,\n            \"pageDots\": false,\n            \"rightToLeft\": false,\n            \"draggable\": true,\n            \"selectedAttraction\": 0.1,\n            \"parallax\" : 0,\n            \"friction\": 0.6        }'\n        >\n        \n\n\t<div class=\"img has-hover x md-x lg-x y md-y lg-y\" id=\"image_1799288448\">\n\t\t\t\t\t\t\t\t<div class=\"img-inner dark\" >\n\t\t\t<img width=\"656\" height=\"450\" src=\"https:\/\/cuttingstonemachine.com\/wp-content\/uploads\/2020\/02\/macchina-1.jpg\" class=\"attachment-large size-large\" alt=\"\" loading=\"lazy\" srcset=\"https:\/\/cuttingstonemachine.com\/wp-content\/uploads\/2020\/02\/macchina-1.jpg 656w, https:\/\/cuttingstonemachine.com\/wp-content\/uploads\/2020\/02\/macchina-1-300x206.jpg 300w\" sizes=\"(max-width: 656px) 100vw, 656px\" \/>\t\t\t\t\t\t\n\t\t\t\t\t<\/div>\n\t\t\t\t\t\t\t\t\n<style scope=\"scope\">\n\n#image_1799288448 {\n  width: 100%;\n}\n<\/style>\n\t<\/div>\n\t\n\n\t<div class=\"img has-hover x md-x lg-x y md-y lg-y\" id=\"image_1228045538\">\n\t\t\t\t\t\t\t\t<div class=\"img-inner dark\" >\n\t\t\t<img width=\"656\" height=\"450\" src=\"https:\/\/cuttingstonemachine.com\/wp-content\/uploads\/2020\/02\/macchina6.jpg\" class=\"attachment-large size-large\" alt=\"\" loading=\"lazy\" srcset=\"https:\/\/cuttingstonemachine.com\/wp-content\/uploads\/2020\/02\/macchina6.jpg 656w, https:\/\/cuttingstonemachine.com\/wp-content\/uploads\/2020\/02\/macchina6-300x206.jpg 300w\" sizes=\"(max-width: 656px) 100vw, 656px\" \/>\t\t\t\t\t\t\n\t\t\t\t\t<\/div>\n\t\t\t\t\t\t\t\t\n<style scope=\"scope\">\n\n#image_1228045538 {\n  width: 100%;\n}\n<\/style>\n\t<\/div>\n\t\n\n\t<div class=\"img has-hover x md-x lg-x y md-y lg-y\" id=\"image_1800885527\">\n\t\t\t\t\t\t\t\t<div class=\"img-inner dark\" >\n\t\t\t<img width=\"656\" height=\"450\" src=\"https:\/\/cuttingstonemachine.com\/wp-content\/uploads\/2020\/02\/macchina4.jpg\" class=\"attachment-large size-large\" alt=\"\" loading=\"lazy\" srcset=\"https:\/\/cuttingstonemachine.com\/wp-content\/uploads\/2020\/02\/macchina4.jpg 656w, https:\/\/cuttingstonemachine.com\/wp-content\/uploads\/2020\/02\/macchina4-300x206.jpg 300w\" sizes=\"(max-width: 656px) 100vw, 656px\" \/>\t\t\t\t\t\t\n\t\t\t\t\t<\/div>\n\t\t\t\t\t\t\t\t\n<style scope=\"scope\">\n\n#image_1800885527 {\n  width: 100%;\n}\n<\/style>\n\t<\/div>\n\t\n\n\t<div class=\"img has-hover x md-x lg-x y md-y lg-y\" id=\"image_63547240\">\n\t\t\t\t\t\t\t\t<div class=\"img-inner dark\" >\n\t\t\t<img width=\"656\" height=\"450\" src=\"https:\/\/cuttingstonemachine.com\/wp-content\/uploads\/2020\/02\/macchina5.jpg\" class=\"attachment-large size-large\" alt=\"\" loading=\"lazy\" srcset=\"https:\/\/cuttingstonemachine.com\/wp-content\/uploads\/2020\/02\/macchina5.jpg 656w, https:\/\/cuttingstonemachine.com\/wp-content\/uploads\/2020\/02\/macchina5-300x206.jpg 300w\" sizes=\"(max-width: 656px) 100vw, 656px\" \/>\t\t\t\t\t\t\n\t\t\t\t\t<\/div>\n\t\t\t\t\t\t\t\t\n<style scope=\"scope\">\n\n#image_63547240 {\n  width: 100%;\n}\n<\/style>\n\t<\/div>\n\t\n\n\t<div class=\"img has-hover x md-x lg-x y md-y lg-y\" id=\"image_657367550\">\n\t\t\t\t\t\t\t\t<div class=\"img-inner dark\" >\n\t\t\t<img width=\"656\" height=\"450\" src=\"https:\/\/cuttingstonemachine.com\/wp-content\/uploads\/2020\/02\/macchina3.jpg\" class=\"attachment-large size-large\" alt=\"\" loading=\"lazy\" srcset=\"https:\/\/cuttingstonemachine.com\/wp-content\/uploads\/2020\/02\/macchina3.jpg 656w, https:\/\/cuttingstonemachine.com\/wp-content\/uploads\/2020\/02\/macchina3-300x206.jpg 300w\" sizes=\"(max-width: 656px) 100vw, 656px\" \/>\t\t\t\t\t\t\n\t\t\t\t\t<\/div>\n\t\t\t\t\t\t\t\t\n<style scope=\"scope\">\n\n#image_657367550 {\n  width: 100%;\n}\n<\/style>\n\t<\/div>\n\t\n\n\t<div class=\"img has-hover x md-x lg-x y md-y lg-y\" id=\"image_1990505449\">\n\t\t\t\t\t\t\t\t<div class=\"img-inner dark\" >\n\t\t\t<img width=\"656\" height=\"450\" src=\"https:\/\/cuttingstonemachine.com\/wp-content\/uploads\/2020\/02\/macchina2.jpg\" class=\"attachment-large size-large\" alt=\"\" loading=\"lazy\" srcset=\"https:\/\/cuttingstonemachine.com\/wp-content\/uploads\/2020\/02\/macchina2.jpg 656w, https:\/\/cuttingstonemachine.com\/wp-content\/uploads\/2020\/02\/macchina2-300x206.jpg 300w\" sizes=\"(max-width: 656px) 100vw, 656px\" \/>\t\t\t\t\t\t\n\t\t\t\t\t<\/div>\n\t\t\t\t\t\t\t\t\n<style scope=\"scope\">\n\n#image_1990505449 {\n  width: 100%;\n}\n<\/style>\n\t<\/div>\n\t\n\n\n     <\/div>\n\n     <div class=\"loading-spin dark large centered\"><\/div>\n\n     <style scope=\"scope\">\n             <\/style>\n<\/div><!-- .ux-slider-wrapper -->\n\n\n\t<div id=\"gap-636049198\" class=\"gap-element clearfix\" style=\"display:block; height:auto;\">\n\t\t\n<style scope=\"scope\">\n\n#gap-636049198 {\n  padding-top: 50px;\n}\n<\/style>\n\t<\/div>\n\t\n\n\n<\/div><\/div>\n\n<\/div>\n\t<section class=\"section has-mask mask-angled-large\" id=\"section_1660372649\">\n\t\t<div class=\"bg section-bg fill bg-fill  \" >\n\n\t\t\t\n\t\t\t\n\t\t\t\n\n\t\t<\/div><!-- .section-bg -->\n\n\t\t<div class=\"section-content relative\">\n\t\t\t\n\n\t<div id=\"gap-698071728\" class=\"gap-element clearfix\" style=\"display:block; height:auto;\">\n\t\t\n<style scope=\"scope\">\n\n#gap-698071728 {\n  padding-top: 40px;\n}\n<\/style>\n\t<\/div>\n\t\n\n<div class=\"row\"  id=\"row-39909052\">\n\n<div class=\"col medium-7 small-12 large-7\"  data-animate=\"fadeInLeft\"><div class=\"col-inner\"  >\n\n<div class=\"slider-wrapper relative\" id=\"slider-2018815778\" >\n    <div class=\"slider slider-nav-circle slider-nav-large slider-nav-light slider-style-normal\"\n        data-flickity-options='{\n            \"cellAlign\": \"center\",\n            \"imagesLoaded\": true,\n            \"lazyLoad\": 1,\n            \"freeScroll\": false,\n            \"wrapAround\": true,\n            \"autoPlay\": 3000,\n            \"pauseAutoPlayOnHover\" : true,\n            \"prevNextButtons\": true,\n            \"contain\" : true,\n            \"adaptiveHeight\" : true,\n            \"dragThreshold\" : 10,\n            \"percentPosition\": true,\n            \"pageDots\": false,\n            \"rightToLeft\": false,\n            \"draggable\": true,\n            \"selectedAttraction\": 0.1,\n            \"parallax\" : 0,\n            \"friction\": 0.6        }'\n        >\n        \n\n\t<div class=\"img has-hover x md-x lg-x y md-y lg-y\" id=\"image_577885714\">\n\t\t\t\t\t\t\t\t<div class=\"img-inner dark\" >\n\t\t\t<img width=\"600\" height=\"400\" src=\"https:\/\/cuttingstonemachine.com\/wp-content\/uploads\/2020\/02\/tagliailtufo_23_9.jpg\" class=\"attachment-large size-large\" alt=\"\" loading=\"lazy\" srcset=\"https:\/\/cuttingstonemachine.com\/wp-content\/uploads\/2020\/02\/tagliailtufo_23_9.jpg 600w, https:\/\/cuttingstonemachine.com\/wp-content\/uploads\/2020\/02\/tagliailtufo_23_9-300x200.jpg 300w\" sizes=\"(max-width: 600px) 100vw, 600px\" \/>\t\t\t\t\t\t\n\t\t\t\t\t<\/div>\n\t\t\t\t\t\t\t\t\n<style scope=\"scope\">\n\n#image_577885714 {\n  width: 100%;\n}\n<\/style>\n\t<\/div>\n\t\n\n\t<div class=\"img has-hover x md-x lg-x y md-y lg-y\" id=\"image_233986137\">\n\t\t\t\t\t\t\t\t<div class=\"img-inner dark\" >\n\t\t\t<img width=\"600\" height=\"400\" src=\"https:\/\/cuttingstonemachine.com\/wp-content\/uploads\/2020\/02\/tagliailtufo_23_8.jpg\" class=\"attachment-large size-large\" alt=\"\" loading=\"lazy\" srcset=\"https:\/\/cuttingstonemachine.com\/wp-content\/uploads\/2020\/02\/tagliailtufo_23_8.jpg 600w, https:\/\/cuttingstonemachine.com\/wp-content\/uploads\/2020\/02\/tagliailtufo_23_8-300x200.jpg 300w\" sizes=\"(max-width: 600px) 100vw, 600px\" \/>\t\t\t\t\t\t\n\t\t\t\t\t<\/div>\n\t\t\t\t\t\t\t\t\n<style scope=\"scope\">\n\n#image_233986137 {\n  width: 100%;\n}\n<\/style>\n\t<\/div>\n\t\n\n\t<div class=\"img has-hover x md-x lg-x y md-y lg-y\" id=\"image_1029312561\">\n\t\t\t\t\t\t\t\t<div class=\"img-inner dark\" >\n\t\t\t<img width=\"600\" height=\"400\" src=\"https:\/\/cuttingstonemachine.com\/wp-content\/uploads\/2020\/02\/tagliailtufo_23_7.jpg\" class=\"attachment-large size-large\" alt=\"\" loading=\"lazy\" srcset=\"https:\/\/cuttingstonemachine.com\/wp-content\/uploads\/2020\/02\/tagliailtufo_23_7.jpg 600w, https:\/\/cuttingstonemachine.com\/wp-content\/uploads\/2020\/02\/tagliailtufo_23_7-300x200.jpg 300w\" sizes=\"(max-width: 600px) 100vw, 600px\" \/>\t\t\t\t\t\t\n\t\t\t\t\t<\/div>\n\t\t\t\t\t\t\t\t\n<style scope=\"scope\">\n\n#image_1029312561 {\n  width: 100%;\n}\n<\/style>\n\t<\/div>\n\t\n\n\t<div class=\"img has-hover x md-x lg-x y md-y lg-y\" id=\"image_1610513768\">\n\t\t\t\t\t\t\t\t<div class=\"img-inner dark\" >\n\t\t\t<img width=\"600\" height=\"400\" src=\"https:\/\/cuttingstonemachine.com\/wp-content\/uploads\/2020\/02\/tagliailtufo_23_6.jpg\" class=\"attachment-large size-large\" alt=\"\" loading=\"lazy\" srcset=\"https:\/\/cuttingstonemachine.com\/wp-content\/uploads\/2020\/02\/tagliailtufo_23_6.jpg 600w, https:\/\/cuttingstonemachine.com\/wp-content\/uploads\/2020\/02\/tagliailtufo_23_6-300x200.jpg 300w\" sizes=\"(max-width: 600px) 100vw, 600px\" \/>\t\t\t\t\t\t\n\t\t\t\t\t<\/div>\n\t\t\t\t\t\t\t\t\n<style scope=\"scope\">\n\n#image_1610513768 {\n  width: 100%;\n}\n<\/style>\n\t<\/div>\n\t\n\n\t<div class=\"img has-hover x md-x lg-x y md-y lg-y\" id=\"image_1219792212\">\n\t\t\t\t\t\t\t\t<div class=\"img-inner dark\" >\n\t\t\t<img width=\"600\" height=\"400\" src=\"https:\/\/cuttingstonemachine.com\/wp-content\/uploads\/2020\/02\/tagliailtufo_23_11.jpg\" class=\"attachment-large size-large\" alt=\"\" loading=\"lazy\" srcset=\"https:\/\/cuttingstonemachine.com\/wp-content\/uploads\/2020\/02\/tagliailtufo_23_11.jpg 600w, https:\/\/cuttingstonemachine.com\/wp-content\/uploads\/2020\/02\/tagliailtufo_23_11-300x200.jpg 300w\" sizes=\"(max-width: 600px) 100vw, 600px\" \/>\t\t\t\t\t\t\n\t\t\t\t\t<\/div>\n\t\t\t\t\t\t\t\t\n<style scope=\"scope\">\n\n#image_1219792212 {\n  width: 100%;\n}\n<\/style>\n\t<\/div>\n\t\n\n\t<div class=\"img has-hover x md-x lg-x y md-y lg-y\" id=\"image_2010845393\">\n\t\t\t\t\t\t\t\t<div class=\"img-inner dark\" >\n\t\t\t<img width=\"600\" height=\"400\" src=\"https:\/\/cuttingstonemachine.com\/wp-content\/uploads\/2020\/02\/tagliailtufo_23_13.jpg\" class=\"attachment-large size-large\" alt=\"\" loading=\"lazy\" srcset=\"https:\/\/cuttingstonemachine.com\/wp-content\/uploads\/2020\/02\/tagliailtufo_23_13.jpg 600w, https:\/\/cuttingstonemachine.com\/wp-content\/uploads\/2020\/02\/tagliailtufo_23_13-300x200.jpg 300w\" sizes=\"(max-width: 600px) 100vw, 600px\" \/>\t\t\t\t\t\t\n\t\t\t\t\t<\/div>\n\t\t\t\t\t\t\t\t\n<style scope=\"scope\">\n\n#image_2010845393 {\n  width: 100%;\n}\n<\/style>\n\t<\/div>\n\t\n\n\n     <\/div>\n\n     <div class=\"loading-spin dark large centered\"><\/div>\n\n     <style scope=\"scope\">\n             <\/style>\n<\/div><!-- .ux-slider-wrapper -->\n\n\n\n<\/div><\/div>\n<div class=\"col medium-5 small-12 large-5\"  data-animate=\"fadeInUp\"><div class=\"col-inner\"  >\n\n<p style=\"text-align: justify;\">La troisi\u00e8me \u00e9tape est le positionnement des trois corps de base de la machine, capables de produire de 1000 \u00e0 30 000 blocs par jour (soit huit heures de travail), en fonction de la coupure de la duret\u00e9 des mat\u00e9riaux, ce sont: l&rsquo;unit\u00e9 m\u00e9canique pour la coupe verticale, l&rsquo;unit\u00e9 m\u00e9canique pour la coupe horizontale et l&rsquo;unit\u00e9 m\u00e9canique pour d\u00e9placer la bo\u00eete de vitesses.<\/p>\n<p style=\"text-align: justify;\">Le dernier est entra\u00een\u00e9 par un moteur hydraulique aliment\u00e9 par des courroies appartenant \u00e0 l&rsquo;unit\u00e9 thermique centrale et n\u00e9cessaire au mouvement de la bo\u00eete de vitesses, qui se d\u00e9roule sur deux lignes, \u00e0 deux vitesses: le r\u00e9ducteur est utilis\u00e9 lorsque la machine est en fonction et il peut \u00eatre possible de changer sa vitesse (0\/12 m\u00e8tres par minute), en utilisant un levier de r\u00e9glage \u00e9troitement li\u00e9 aux caract\u00e9ristiques des mat\u00e9riaux et un engrenage plus rapide lorsque la machine est arr\u00eat\u00e9e, pour des mouvements plus rapides (0\/40 m\u00e8tres par minute).<\/p>\n\n<\/div><\/div>\n\n<\/div>\n\n\t\t<\/div><!-- .section-content -->\n\n\t\t\n<style scope=\"scope\">\n\n#section_1660372649 {\n  padding-top: 75px;\n  padding-bottom: 75px;\n}\n#section_1660372649 .section-bg.bg-loaded {\n  background-image: url(https:\/\/cuttingstonemachine.com\/wp-content\/uploads\/2020\/02\/sfondo-geometrico-chiaro-1.jpg);\n}\n#section_1660372649 .section-bg {\n  background-position: 43% 0%;\n}\n<\/style>\n\t<\/section>\n\t\n\t<section class=\"section has-mask mask-angled-large\" id=\"section_1787972474\">\n\t\t<div class=\"bg section-bg fill bg-fill  bg-loaded\" >\n\n\t\t\t\n\t\t\t\n\t\t\t\n\n\t\t<\/div><!-- .section-bg -->\n\n\t\t<div class=\"section-content relative\">\n\t\t\t\n\n\t<div id=\"gap-1073301950\" class=\"gap-element clearfix\" style=\"display:block; height:auto;\">\n\t\t\n<style scope=\"scope\">\n\n#gap-1073301950 {\n  padding-top: 100px;\n}\n<\/style>\n\t<\/div>\n\t\n\n<div class=\"row\"  id=\"row-1756701559\">\n\n<div class=\"col small-12 large-12\"  ><div class=\"col-inner text-center\"  >\n\n<div class=\"social-icons follow-icons\" style=\"font-size:150%\"><a href=\"#\" target=\"_blank\" data-label=\"Facebook\"  rel=\"noopener noreferrer nofollow\" class=\"icon button circle is-outline facebook tooltip\" title=\"Nous suivre sur Facebook\"><i class=\"icon-facebook\" ><\/i><\/a><a href=\"#\" target=\"_blank\" rel=\"noopener noreferrer nofollow\" data-label=\"Instagram\" class=\"icon button circle is-outline  instagram tooltip\" title=\"Nous suivre sur Instagram\"><i class=\"icon-instagram\" ><\/i><\/a><a href=\"mailto:#\" data-label=\"E-mail\"  rel=\"nofollow\" class=\"icon button circle is-outline  email tooltip\" title=\"Nous envoyer un email\"><i class=\"icon-envelop\" ><\/i><\/a><a href=\"tel:#\" target=\"_blank\"  data-label=\"Phone\"  rel=\"noopener noreferrer nofollow\" class=\"icon button circle is-outline  phone tooltip\" title=\"Call us\"><i class=\"icon-phone\" ><\/i><\/a><a href=\"#\" target=\"_blank\" rel=\"noopener noreferrer nofollow\" data-label=\"LinkedIn\" class=\"icon button circle is-outline  linkedin tooltip\" title=\"Follow on LinkedIn\"><i class=\"icon-linkedin\" ><\/i><\/a><a href=\"https:\/\/www.youtube.com\/channel\/UCvbqEdKDFkZONPatfFIyPMg\" target=\"_blank\" rel=\"noopener noreferrer nofollow\" data-label=\"YouTube\" class=\"icon button circle is-outline  youtube tooltip\" title=\"Nous suivre sur Youtube\"><i class=\"icon-youtube\" ><\/i><\/a><\/div>\n\n\n<\/div><\/div>\n\n<\/div>\n\n\t\t<\/div><!-- .section-content -->\n\n\t\t\n<style scope=\"scope\">\n\n#section_1787972474 {\n  padding-top: 0px;\n  padding-bottom: 0px;\n  background-color: rgb(35, 31, 32);\n}\n<\/style>\n\t<\/section>\n\t\n\n","protected":false},"excerpt":{"rendered":"","protected":false},"author":2,"featured_media":0,"parent":0,"menu_order":0,"comment_status":"closed","ping_status":"closed","template":"page-transparent-header.php","meta":[],"_links":{"self":[{"href":"https:\/\/cuttingstonemachine.com\/fr\/wp-json\/wp\/v2\/pages\/796"}],"collection":[{"href":"https:\/\/cuttingstonemachine.com\/fr\/wp-json\/wp\/v2\/pages"}],"about":[{"href":"https:\/\/cuttingstonemachine.com\/fr\/wp-json\/wp\/v2\/types\/page"}],"author":[{"embeddable":true,"href":"https:\/\/cuttingstonemachine.com\/fr\/wp-json\/wp\/v2\/users\/2"}],"replies":[{"embeddable":true,"href":"https:\/\/cuttingstonemachine.com\/fr\/wp-json\/wp\/v2\/comments?post=796"}],"version-history":[{"count":4,"href":"https:\/\/cuttingstonemachine.com\/fr\/wp-json\/wp\/v2\/pages\/796\/revisions"}],"predecessor-version":[{"id":878,"href":"https:\/\/cuttingstonemachine.com\/fr\/wp-json\/wp\/v2\/pages\/796\/revisions\/878"}],"wp:attachment":[{"href":"https:\/\/cuttingstonemachine.com\/fr\/wp-json\/wp\/v2\/media?parent=796"}],"curies":[{"name":"wp","href":"https:\/\/api.w.org\/{rel}","templated":true}]}}