{"id":773,"date":"2020-03-04T17:08:39","date_gmt":"2020-03-04T17:08:39","guid":{"rendered":"https:\/\/cuttingstonemachine.com\/?page_id=773"},"modified":"2020-07-04T10:06:07","modified_gmt":"2020-07-04T10:06:07","slug":"societe","status":"publish","type":"page","link":"https:\/\/cuttingstonemachine.com\/fr\/societe\/","title":{"rendered":"Soci\u00e9t\u00e9"},"content":{"rendered":"\n\n  <div class=\"banner has-hover\" id=\"banner-986365377\">\n          <div class=\"banner-inner fill\">\n        <div class=\"banner-bg fill\" >\n            <div class=\"bg fill bg-fill \"><\/div>\n                                    \n                    <\/div><!-- bg-layers -->\n        <div class=\"banner-layers container\">\n            <div class=\"fill banner-link\"><\/div>            \n\n   <div id=\"text-box-553260206\" class=\"text-box banner-layer x50 md-x50 lg-x50 y70 md-y70 lg-y70 res-text\">\n                                <div class=\"text dark\">\n              \n              <div class=\"text-inner text-center\">\n                  \n\n<h2 class=\"uppercase\"><strong>ma.ca. puisque 1974<\/strong><\/h2>\n<p>MA.CA. Officina Meccanica est n\u00e9e en 1974 \u00e0 Civita Castellana (VT), une ville riche en innombrables mines, o\u00f9 il est possible d&rsquo;extraire de nombreux types de pierres, comme le tuf, le gr\u00e8s, le calcaire, la pierre volcanique, le peperino, etc.<\/p>\n\n              <\/div>\n           <\/div><!-- text-box-inner -->\n                            \n<style scope=\"scope\">\n\n#text-box-553260206 {\n  width: 55%;\n}\n#text-box-553260206 .text {\n  font-size: 100%;\n}\n<\/style>\n    <\/div><!-- text-box -->\n \n\n        <\/div><!-- .banner-layers -->\n      <\/div><!-- .banner-inner -->\n\n            \n<style scope=\"scope\">\n\n#banner-986365377 {\n  padding-top: 650px;\n  background-color: rgb(35, 31, 32);\n}\n#banner-986365377 .bg.bg-loaded {\n  background-image: url(https:\/\/cuttingstonemachine.com\/wp-content\/uploads\/2020\/01\/sfondo-geometrico.jpg);\n}\n#banner-986365377 .bg {\n  background-position: 50% 0%;\n}\n<\/style>\n  <\/div><!-- .banner -->\n\n\n<div class=\"row\"  id=\"row-448196127\">\n\n<div class=\"col medium-6 small-12 large-6\"  data-animate=\"fadeInUp\"><div class=\"col-inner\"  >\n\n\t<div id=\"gap-356043583\" class=\"gap-element clearfix\" style=\"display:block; height:auto;\">\n\t\t\n<style scope=\"scope\">\n\n#gap-356043583 {\n  padding-top: 40px;\n}\n<\/style>\n\t<\/div>\n\t\n\n<div class=\"container section-title-container\" ><h3 class=\"section-title section-title-center\"><b><\/b><span class=\"section-title-main\" >qui nous sommes<\/span><b><\/b><\/h3><\/div><!-- .section-title -->\n\n<p style=\"text-align: justify;\">MA.CA. se sp\u00e9cialise dans la construction et la r\u00e9paration de moteurs pour tufacutter, machines \u00e0 scier et machines d&rsquo;extraction pour fabriquer des blocs de pierre pour une utilisation dans la gamme de b\u00e2timents.<\/p>\n\n<\/div><\/div>\n<div class=\"col medium-6 small-12 large-6\"  ><div class=\"col-inner\"  >\n\n\t<div class=\"img has-hover x md-x lg-x y md-y lg-y\" id=\"image_1956596349\">\n\t\t\t\t\t\t<div data-animate=\"fadeInRight\">\t\t<div class=\"img-inner dark\" >\n\t\t\t<img width=\"640\" height=\"360\" src=\"https:\/\/cuttingstonemachine.com\/wp-content\/uploads\/2019\/12\/maca.jpg\" class=\"attachment-original size-original\" alt=\"\" loading=\"lazy\" srcset=\"https:\/\/cuttingstonemachine.com\/wp-content\/uploads\/2019\/12\/maca.jpg 640w, https:\/\/cuttingstonemachine.com\/wp-content\/uploads\/2019\/12\/maca-300x169.jpg 300w\" sizes=\"(max-width: 640px) 100vw, 640px\" \/>\t\t\t\t\t\t\n\t\t\t\t\t<\/div>\n\t\t<\/div>\t\t\t\t\t\t\n<style scope=\"scope\">\n\n#image_1956596349 {\n  width: 100%;\n}\n<\/style>\n\t<\/div>\n\t\n\n\t<div id=\"gap-968533409\" class=\"gap-element clearfix\" style=\"display:block; height:auto;\">\n\t\t\n<style scope=\"scope\">\n\n#gap-968533409 {\n  padding-top: 53px;\n}\n<\/style>\n\t<\/div>\n\t\n\n\n<\/div><\/div>\n\n<\/div>\n\t<section class=\"section has-mask mask-angled-large\" id=\"section_1964186631\">\n\t\t<div class=\"bg section-bg fill bg-fill  bg-loaded\" >\n\n\t\t\t\n\t\t\t<div class=\"section-bg-overlay absolute fill\"><\/div>\n\t\t\t\n\n\t\t<\/div><!-- .section-bg -->\n\n\t\t<div class=\"section-content relative\">\n\t\t\t\n\n<div class=\"row\"  id=\"row-1833981095\">\n\n<div class=\"col medium-5 small-12 large-5\"  data-animate=\"fadeInLeft\"><div class=\"col-inner\"  >\n\n\t<div class=\"img has-hover x md-x lg-x y md-y lg-y\" id=\"image_88906905\">\n\t\t\t\t\t\t\t\t<div class=\"img-inner dark\" >\n\t\t\t<img width=\"1020\" height=\"678\" src=\"https:\/\/cuttingstonemachine.com\/wp-content\/uploads\/2020\/01\/maca-1-1024x681.jpg\" class=\"attachment-large size-large\" alt=\"\" loading=\"lazy\" srcset=\"https:\/\/cuttingstonemachine.com\/wp-content\/uploads\/2020\/01\/maca-1-1024x681.jpg 1024w, https:\/\/cuttingstonemachine.com\/wp-content\/uploads\/2020\/01\/maca-1-300x200.jpg 300w, https:\/\/cuttingstonemachine.com\/wp-content\/uploads\/2020\/01\/maca-1-768x511.jpg 768w, https:\/\/cuttingstonemachine.com\/wp-content\/uploads\/2020\/01\/maca-1-1536x1022.jpg 1536w, https:\/\/cuttingstonemachine.com\/wp-content\/uploads\/2020\/01\/maca-1.jpg 1920w\" sizes=\"(max-width: 1020px) 100vw, 1020px\" \/>\t\t\t\t\t\t\n\t\t\t\t\t<\/div>\n\t\t\t\t\t\t\t\t\n<style scope=\"scope\">\n\n#image_88906905 {\n  width: 100%;\n}\n<\/style>\n\t<\/div>\n\t\n\n\n<\/div><\/div>\n<div class=\"col medium-7 small-12 large-7\"  data-animate=\"fadeInUp\"><div class=\"col-inner\"  >\n\n\t<div id=\"gap-380627908\" class=\"gap-element clearfix\" style=\"display:block; height:auto;\">\n\t\t\n<style scope=\"scope\">\n\n#gap-380627908 {\n  padding-top: 50px;\n}\n<\/style>\n\t<\/div>\n\t\n\n<p><img loading=\"lazy\" class=\"alignnone wp-image-204 size-thumbnail\" src=\"http:\/\/cuttingstonemachine.com\/wp-content\/uploads\/2020\/01\/made-in-italy-logo-1-150x42.png\" alt=\"\" width=\"150\" height=\"42\"><\/p>\n<p>Il convient de souligner que MA.CA. est une entreprise familiale qui se distingue depuis de nombreuses ann\u00e9es par son s\u00e9rieux, sa comp\u00e9tence et sa disponibilit\u00e9.<\/p>\n\n<\/div><\/div>\n\n<\/div>\n\n\t\t<\/div><!-- .section-content -->\n\n\t\t\n<style scope=\"scope\">\n\n#section_1964186631 {\n  padding-top: 75px;\n  padding-bottom: 75px;\n  background-color: rgb(255, 255, 255);\n}\n#section_1964186631 .section-bg-overlay {\n  background-color: rgb(246, 246, 246);\n}\n<\/style>\n\t<\/section>\n\t\n\t<section class=\"section has-mask mask-angled-large\" id=\"section_1270912715\">\n\t\t<div class=\"bg section-bg fill bg-fill  bg-loaded\" >\n\n\t\t\t\n\t\t\t\n\t\t\t\n\n\t\t<\/div><!-- .section-bg -->\n\n\t\t<div class=\"section-content relative\">\n\t\t\t\n\n\t<div id=\"gap-1757944279\" class=\"gap-element clearfix\" style=\"display:block; height:auto;\">\n\t\t\n<style scope=\"scope\">\n\n#gap-1757944279 {\n  padding-top: 100px;\n}\n<\/style>\n\t<\/div>\n\t\n\n<div class=\"row\"  id=\"row-1664490891\">\n\n<div class=\"col small-12 large-12\"  ><div class=\"col-inner text-center\"  >\n\n<div class=\"social-icons follow-icons\" style=\"font-size:150%\"><a href=\"#\" target=\"_blank\" data-label=\"Facebook\"  rel=\"noopener noreferrer nofollow\" class=\"icon button circle is-outline facebook tooltip\" title=\"Nous suivre sur Facebook\"><i class=\"icon-facebook\" ><\/i><\/a><a href=\"#\" target=\"_blank\" rel=\"noopener noreferrer nofollow\" data-label=\"Instagram\" class=\"icon button circle is-outline  instagram tooltip\" title=\"Nous suivre sur Instagram\"><i class=\"icon-instagram\" ><\/i><\/a><a href=\"mailto:#\" data-label=\"E-mail\"  rel=\"nofollow\" class=\"icon button circle is-outline  email tooltip\" title=\"Nous envoyer un email\"><i class=\"icon-envelop\" ><\/i><\/a><a href=\"tel:#\" target=\"_blank\"  data-label=\"Phone\"  rel=\"noopener noreferrer nofollow\" class=\"icon button circle is-outline  phone tooltip\" title=\"Call us\"><i class=\"icon-phone\" ><\/i><\/a><a href=\"#\" target=\"_blank\" rel=\"noopener noreferrer nofollow\" data-label=\"LinkedIn\" class=\"icon button circle is-outline  linkedin tooltip\" title=\"Follow on LinkedIn\"><i class=\"icon-linkedin\" ><\/i><\/a><a href=\"https:\/\/www.youtube.com\/channel\/UCvbqEdKDFkZONPatfFIyPMg\" target=\"_blank\" rel=\"noopener noreferrer nofollow\" data-label=\"YouTube\" class=\"icon button circle is-outline  youtube tooltip\" title=\"Nous suivre sur Youtube\"><i class=\"icon-youtube\" ><\/i><\/a><\/div>\n\n\n<\/div><\/div>\n\n<\/div>\n\n\t\t<\/div><!-- .section-content -->\n\n\t\t\n<style scope=\"scope\">\n\n#section_1270912715 {\n  padding-top: 0px;\n  padding-bottom: 0px;\n  background-color: rgb(35, 31, 32);\n}\n<\/style>\n\t<\/section>\n\t\n\n","protected":false},"excerpt":{"rendered":"","protected":false},"author":2,"featured_media":0,"parent":0,"menu_order":0,"comment_status":"closed","ping_status":"closed","template":"page-transparent-header.php","meta":[],"_links":{"self":[{"href":"https:\/\/cuttingstonemachine.com\/fr\/wp-json\/wp\/v2\/pages\/773"}],"collection":[{"href":"https:\/\/cuttingstonemachine.com\/fr\/wp-json\/wp\/v2\/pages"}],"about":[{"href":"https:\/\/cuttingstonemachine.com\/fr\/wp-json\/wp\/v2\/types\/page"}],"author":[{"embeddable":true,"href":"https:\/\/cuttingstonemachine.com\/fr\/wp-json\/wp\/v2\/users\/2"}],"replies":[{"embeddable":true,"href":"https:\/\/cuttingstonemachine.com\/fr\/wp-json\/wp\/v2\/comments?post=773"}],"version-history":[{"count":4,"href":"https:\/\/cuttingstonemachine.com\/fr\/wp-json\/wp\/v2\/pages\/773\/revisions"}],"predecessor-version":[{"id":872,"href":"https:\/\/cuttingstonemachine.com\/fr\/wp-json\/wp\/v2\/pages\/773\/revisions\/872"}],"wp:attachment":[{"href":"https:\/\/cuttingstonemachine.com\/fr\/wp-json\/wp\/v2\/media?parent=773"}],"curies":[{"name":"wp","href":"https:\/\/api.w.org\/{rel}","templated":true}]}}