{"id":823,"date":"2020-03-05T08:41:58","date_gmt":"2020-03-05T08:41:58","guid":{"rendered":"https:\/\/cuttingstonemachine.com\/?page_id=823"},"modified":"2020-07-04T10:07:58","modified_gmt":"2020-07-04T10:07:58","slug":"cortar-toba","status":"publish","type":"page","link":"https:\/\/cuttingstonemachine.com\/es\/cortar-toba\/","title":{"rendered":"Cortar toba"},"content":{"rendered":"\n\n  <div class=\"banner has-hover\" id=\"banner-75289274\">\n          <div class=\"banner-inner fill\">\n        <div class=\"banner-bg fill\" >\n            <div class=\"bg fill bg-fill \"><\/div>\n                                    \n                    <\/div><!-- bg-layers -->\n        <div class=\"banner-layers container\">\n            <div class=\"fill banner-link\"><\/div>            \n\n   <div id=\"text-box-262999610\" class=\"text-box banner-layer x50 md-x50 lg-x50 y65 md-y65 lg-y65 res-text\">\n                                <div class=\"text dark\">\n              \n              <div class=\"text-inner text-center\">\n                  \n\n<h2 class=\"uppercase\">Producci\u00f3n de m\u00e1quinas de corte de toba.<\/h2>\n<p>Productor de m\u00e1quinas de corte de toba (ex co.me.ta) MA.CA. mt. 180 ENGINE<\/p>\n\n              <\/div>\n           <\/div><!-- text-box-inner -->\n                            \n<style scope=\"scope\">\n\n#text-box-262999610 {\n  width: 66%;\n}\n#text-box-262999610 .text {\n  font-size: 100%;\n}\n<\/style>\n    <\/div><!-- text-box -->\n \n\n        <\/div><!-- .banner-layers -->\n      <\/div><!-- .banner-inner -->\n\n            \n<style scope=\"scope\">\n\n#banner-75289274 {\n  padding-top: 650px;\n  background-color: rgb(35, 31, 32);\n}\n#banner-75289274 .bg.bg-loaded {\n  background-image: url(https:\/\/cuttingstonemachine.com\/wp-content\/uploads\/2020\/01\/sfondo-geometrico.jpg);\n}\n#banner-75289274 .bg {\n  background-position: 52% 0%;\n}\n<\/style>\n  <\/div><!-- .banner -->\n\n\n<div class=\"row\"  id=\"row-311163430\">\n\n<div class=\"col medium-5 small-12 large-5\"  data-animate=\"fadeInUp\"><div class=\"col-inner\"  >\n\n<div class=\"container section-title-container\" ><h3 class=\"section-title section-title-center\"><b><\/b><span class=\"section-title-main\" >producci\u00f3n<\/span><b><\/b><\/h3><\/div><!-- .section-title -->\n\n<p style=\"text-align: justify;\">La construcci\u00f3n de la m\u00e1quina comienza con el chasis utilizando materiales de acero de la mejor calidad para unir todo tipo de piezas, que se fabrican con soldaduras especiales o atascos de pernos autom\u00e1ticos, luego se unen ocho ruedas motrices que se deslizan sobre sus l\u00edneas en el chasis de una cadena grande y robusta.<\/p>\n<p style=\"text-align: justify;\">El siguiente paso es el posicionamiento del motor, siendo de diferentes tipos y marcas de acuerdo a las solicitudes del cliente: Deutz diesel v8 &#8211; Swisel diesel v6 \/ v8.<br \/>El motor el\u00e9ctrico es de aproximadamente 180 rpm y la potencia var\u00eda de 150 a 220.<\/p>\n\n<\/div><\/div>\n<div class=\"col medium-7 small-12 large-7\"  ><div class=\"col-inner\"  >\n\n<div class=\"slider-wrapper relative\" id=\"slider-337545016\" >\n    <div class=\"slider slider-nav-circle slider-nav-large slider-nav-light slider-style-normal\"\n        data-flickity-options='{\n            \"cellAlign\": \"center\",\n            \"imagesLoaded\": true,\n            \"lazyLoad\": 1,\n            \"freeScroll\": false,\n            \"wrapAround\": true,\n            \"autoPlay\": 3000,\n            \"pauseAutoPlayOnHover\" : true,\n            \"prevNextButtons\": true,\n            \"contain\" : true,\n            \"adaptiveHeight\" : true,\n            \"dragThreshold\" : 10,\n            \"percentPosition\": true,\n            \"pageDots\": false,\n            \"rightToLeft\": false,\n            \"draggable\": true,\n            \"selectedAttraction\": 0.1,\n            \"parallax\" : 0,\n            \"friction\": 0.6        }'\n        >\n        \n\n\t<div class=\"img has-hover x md-x lg-x y md-y lg-y\" id=\"image_276188684\">\n\t\t\t\t\t\t\t\t<div class=\"img-inner dark\" >\n\t\t\t<img width=\"656\" height=\"450\" src=\"https:\/\/cuttingstonemachine.com\/wp-content\/uploads\/2020\/02\/macchina-1.jpg\" class=\"attachment-large size-large\" alt=\"\" loading=\"lazy\" srcset=\"https:\/\/cuttingstonemachine.com\/wp-content\/uploads\/2020\/02\/macchina-1.jpg 656w, https:\/\/cuttingstonemachine.com\/wp-content\/uploads\/2020\/02\/macchina-1-300x206.jpg 300w\" sizes=\"(max-width: 656px) 100vw, 656px\" \/>\t\t\t\t\t\t\n\t\t\t\t\t<\/div>\n\t\t\t\t\t\t\t\t\n<style scope=\"scope\">\n\n#image_276188684 {\n  width: 100%;\n}\n<\/style>\n\t<\/div>\n\t\n\n\t<div class=\"img has-hover x md-x lg-x y md-y lg-y\" id=\"image_1873141805\">\n\t\t\t\t\t\t\t\t<div class=\"img-inner dark\" >\n\t\t\t<img width=\"656\" height=\"450\" src=\"https:\/\/cuttingstonemachine.com\/wp-content\/uploads\/2020\/02\/macchina6.jpg\" class=\"attachment-large size-large\" alt=\"\" loading=\"lazy\" srcset=\"https:\/\/cuttingstonemachine.com\/wp-content\/uploads\/2020\/02\/macchina6.jpg 656w, https:\/\/cuttingstonemachine.com\/wp-content\/uploads\/2020\/02\/macchina6-300x206.jpg 300w\" sizes=\"(max-width: 656px) 100vw, 656px\" \/>\t\t\t\t\t\t\n\t\t\t\t\t<\/div>\n\t\t\t\t\t\t\t\t\n<style scope=\"scope\">\n\n#image_1873141805 {\n  width: 100%;\n}\n<\/style>\n\t<\/div>\n\t\n\n\t<div class=\"img has-hover x md-x lg-x y md-y lg-y\" id=\"image_121449974\">\n\t\t\t\t\t\t\t\t<div class=\"img-inner dark\" >\n\t\t\t<img width=\"656\" height=\"450\" src=\"https:\/\/cuttingstonemachine.com\/wp-content\/uploads\/2020\/02\/macchina4.jpg\" class=\"attachment-large size-large\" alt=\"\" loading=\"lazy\" srcset=\"https:\/\/cuttingstonemachine.com\/wp-content\/uploads\/2020\/02\/macchina4.jpg 656w, https:\/\/cuttingstonemachine.com\/wp-content\/uploads\/2020\/02\/macchina4-300x206.jpg 300w\" sizes=\"(max-width: 656px) 100vw, 656px\" \/>\t\t\t\t\t\t\n\t\t\t\t\t<\/div>\n\t\t\t\t\t\t\t\t\n<style scope=\"scope\">\n\n#image_121449974 {\n  width: 100%;\n}\n<\/style>\n\t<\/div>\n\t\n\n\t<div class=\"img has-hover x md-x lg-x y md-y lg-y\" id=\"image_1821337516\">\n\t\t\t\t\t\t\t\t<div class=\"img-inner dark\" >\n\t\t\t<img width=\"656\" height=\"450\" src=\"https:\/\/cuttingstonemachine.com\/wp-content\/uploads\/2020\/02\/macchina5.jpg\" class=\"attachment-large size-large\" alt=\"\" loading=\"lazy\" srcset=\"https:\/\/cuttingstonemachine.com\/wp-content\/uploads\/2020\/02\/macchina5.jpg 656w, https:\/\/cuttingstonemachine.com\/wp-content\/uploads\/2020\/02\/macchina5-300x206.jpg 300w\" sizes=\"(max-width: 656px) 100vw, 656px\" \/>\t\t\t\t\t\t\n\t\t\t\t\t<\/div>\n\t\t\t\t\t\t\t\t\n<style scope=\"scope\">\n\n#image_1821337516 {\n  width: 100%;\n}\n<\/style>\n\t<\/div>\n\t\n\n\t<div class=\"img has-hover x md-x lg-x y md-y lg-y\" id=\"image_1770284743\">\n\t\t\t\t\t\t\t\t<div class=\"img-inner dark\" >\n\t\t\t<img width=\"656\" height=\"450\" src=\"https:\/\/cuttingstonemachine.com\/wp-content\/uploads\/2020\/02\/macchina3.jpg\" class=\"attachment-large size-large\" alt=\"\" loading=\"lazy\" srcset=\"https:\/\/cuttingstonemachine.com\/wp-content\/uploads\/2020\/02\/macchina3.jpg 656w, https:\/\/cuttingstonemachine.com\/wp-content\/uploads\/2020\/02\/macchina3-300x206.jpg 300w\" sizes=\"(max-width: 656px) 100vw, 656px\" \/>\t\t\t\t\t\t\n\t\t\t\t\t<\/div>\n\t\t\t\t\t\t\t\t\n<style scope=\"scope\">\n\n#image_1770284743 {\n  width: 100%;\n}\n<\/style>\n\t<\/div>\n\t\n\n\t<div class=\"img has-hover x md-x lg-x y md-y lg-y\" id=\"image_1658326608\">\n\t\t\t\t\t\t\t\t<div class=\"img-inner dark\" >\n\t\t\t<img width=\"656\" height=\"450\" src=\"https:\/\/cuttingstonemachine.com\/wp-content\/uploads\/2020\/02\/macchina2.jpg\" class=\"attachment-large size-large\" alt=\"\" loading=\"lazy\" srcset=\"https:\/\/cuttingstonemachine.com\/wp-content\/uploads\/2020\/02\/macchina2.jpg 656w, https:\/\/cuttingstonemachine.com\/wp-content\/uploads\/2020\/02\/macchina2-300x206.jpg 300w\" sizes=\"(max-width: 656px) 100vw, 656px\" \/>\t\t\t\t\t\t\n\t\t\t\t\t<\/div>\n\t\t\t\t\t\t\t\t\n<style scope=\"scope\">\n\n#image_1658326608 {\n  width: 100%;\n}\n<\/style>\n\t<\/div>\n\t\n\n\n     <\/div>\n\n     <div class=\"loading-spin dark large centered\"><\/div>\n\n     <style scope=\"scope\">\n             <\/style>\n<\/div><!-- .ux-slider-wrapper -->\n\n\n\t<div id=\"gap-1416079338\" class=\"gap-element clearfix\" style=\"display:block; height:auto;\">\n\t\t\n<style scope=\"scope\">\n\n#gap-1416079338 {\n  padding-top: 50px;\n}\n<\/style>\n\t<\/div>\n\t\n\n\n<\/div><\/div>\n\n<\/div>\n\t<section class=\"section has-mask mask-angled-large\" id=\"section_1984090297\">\n\t\t<div class=\"bg section-bg fill bg-fill  \" >\n\n\t\t\t\n\t\t\t\n\t\t\t\n\n\t\t<\/div><!-- .section-bg -->\n\n\t\t<div class=\"section-content relative\">\n\t\t\t\n\n\t<div id=\"gap-302511555\" class=\"gap-element clearfix\" style=\"display:block; height:auto;\">\n\t\t\n<style scope=\"scope\">\n\n#gap-302511555 {\n  padding-top: 40px;\n}\n<\/style>\n\t<\/div>\n\t\n\n<div class=\"row\"  id=\"row-1795810837\">\n\n<div class=\"col medium-7 small-12 large-7\"  data-animate=\"fadeInLeft\"><div class=\"col-inner\"  >\n\n<div class=\"slider-wrapper relative\" id=\"slider-1640781536\" >\n    <div class=\"slider slider-nav-circle slider-nav-large slider-nav-light slider-style-normal\"\n        data-flickity-options='{\n            \"cellAlign\": \"center\",\n            \"imagesLoaded\": true,\n            \"lazyLoad\": 1,\n            \"freeScroll\": false,\n            \"wrapAround\": true,\n            \"autoPlay\": 3000,\n            \"pauseAutoPlayOnHover\" : true,\n            \"prevNextButtons\": true,\n            \"contain\" : true,\n            \"adaptiveHeight\" : true,\n            \"dragThreshold\" : 10,\n            \"percentPosition\": true,\n            \"pageDots\": false,\n            \"rightToLeft\": false,\n            \"draggable\": true,\n            \"selectedAttraction\": 0.1,\n            \"parallax\" : 0,\n            \"friction\": 0.6        }'\n        >\n        \n\n\t<div class=\"img has-hover x md-x lg-x y md-y lg-y\" id=\"image_699991555\">\n\t\t\t\t\t\t\t\t<div class=\"img-inner dark\" >\n\t\t\t<img width=\"600\" height=\"400\" src=\"https:\/\/cuttingstonemachine.com\/wp-content\/uploads\/2020\/02\/tagliailtufo_23_9.jpg\" class=\"attachment-large size-large\" alt=\"\" loading=\"lazy\" srcset=\"https:\/\/cuttingstonemachine.com\/wp-content\/uploads\/2020\/02\/tagliailtufo_23_9.jpg 600w, https:\/\/cuttingstonemachine.com\/wp-content\/uploads\/2020\/02\/tagliailtufo_23_9-300x200.jpg 300w\" sizes=\"(max-width: 600px) 100vw, 600px\" \/>\t\t\t\t\t\t\n\t\t\t\t\t<\/div>\n\t\t\t\t\t\t\t\t\n<style scope=\"scope\">\n\n#image_699991555 {\n  width: 100%;\n}\n<\/style>\n\t<\/div>\n\t\n\n\t<div class=\"img has-hover x md-x lg-x y md-y lg-y\" id=\"image_686005063\">\n\t\t\t\t\t\t\t\t<div class=\"img-inner dark\" >\n\t\t\t<img width=\"600\" height=\"400\" src=\"https:\/\/cuttingstonemachine.com\/wp-content\/uploads\/2020\/02\/tagliailtufo_23_8.jpg\" class=\"attachment-large size-large\" alt=\"\" loading=\"lazy\" srcset=\"https:\/\/cuttingstonemachine.com\/wp-content\/uploads\/2020\/02\/tagliailtufo_23_8.jpg 600w, https:\/\/cuttingstonemachine.com\/wp-content\/uploads\/2020\/02\/tagliailtufo_23_8-300x200.jpg 300w\" sizes=\"(max-width: 600px) 100vw, 600px\" \/>\t\t\t\t\t\t\n\t\t\t\t\t<\/div>\n\t\t\t\t\t\t\t\t\n<style scope=\"scope\">\n\n#image_686005063 {\n  width: 100%;\n}\n<\/style>\n\t<\/div>\n\t\n\n\t<div class=\"img has-hover x md-x lg-x y md-y lg-y\" id=\"image_1644993773\">\n\t\t\t\t\t\t\t\t<div class=\"img-inner dark\" >\n\t\t\t<img width=\"600\" height=\"400\" src=\"https:\/\/cuttingstonemachine.com\/wp-content\/uploads\/2020\/02\/tagliailtufo_23_7.jpg\" class=\"attachment-large size-large\" alt=\"\" loading=\"lazy\" srcset=\"https:\/\/cuttingstonemachine.com\/wp-content\/uploads\/2020\/02\/tagliailtufo_23_7.jpg 600w, https:\/\/cuttingstonemachine.com\/wp-content\/uploads\/2020\/02\/tagliailtufo_23_7-300x200.jpg 300w\" sizes=\"(max-width: 600px) 100vw, 600px\" \/>\t\t\t\t\t\t\n\t\t\t\t\t<\/div>\n\t\t\t\t\t\t\t\t\n<style scope=\"scope\">\n\n#image_1644993773 {\n  width: 100%;\n}\n<\/style>\n\t<\/div>\n\t\n\n\t<div class=\"img has-hover x md-x lg-x y md-y lg-y\" id=\"image_1275611923\">\n\t\t\t\t\t\t\t\t<div class=\"img-inner dark\" >\n\t\t\t<img width=\"600\" height=\"400\" src=\"https:\/\/cuttingstonemachine.com\/wp-content\/uploads\/2020\/02\/tagliailtufo_23_6.jpg\" class=\"attachment-large size-large\" alt=\"\" loading=\"lazy\" srcset=\"https:\/\/cuttingstonemachine.com\/wp-content\/uploads\/2020\/02\/tagliailtufo_23_6.jpg 600w, https:\/\/cuttingstonemachine.com\/wp-content\/uploads\/2020\/02\/tagliailtufo_23_6-300x200.jpg 300w\" sizes=\"(max-width: 600px) 100vw, 600px\" \/>\t\t\t\t\t\t\n\t\t\t\t\t<\/div>\n\t\t\t\t\t\t\t\t\n<style scope=\"scope\">\n\n#image_1275611923 {\n  width: 100%;\n}\n<\/style>\n\t<\/div>\n\t\n\n\t<div class=\"img has-hover x md-x lg-x y md-y lg-y\" id=\"image_1940003082\">\n\t\t\t\t\t\t\t\t<div class=\"img-inner dark\" >\n\t\t\t<img width=\"600\" height=\"400\" src=\"https:\/\/cuttingstonemachine.com\/wp-content\/uploads\/2020\/02\/tagliailtufo_23_11.jpg\" class=\"attachment-large size-large\" alt=\"\" loading=\"lazy\" srcset=\"https:\/\/cuttingstonemachine.com\/wp-content\/uploads\/2020\/02\/tagliailtufo_23_11.jpg 600w, https:\/\/cuttingstonemachine.com\/wp-content\/uploads\/2020\/02\/tagliailtufo_23_11-300x200.jpg 300w\" sizes=\"(max-width: 600px) 100vw, 600px\" \/>\t\t\t\t\t\t\n\t\t\t\t\t<\/div>\n\t\t\t\t\t\t\t\t\n<style scope=\"scope\">\n\n#image_1940003082 {\n  width: 100%;\n}\n<\/style>\n\t<\/div>\n\t\n\n\t<div class=\"img has-hover x md-x lg-x y md-y lg-y\" id=\"image_1657791061\">\n\t\t\t\t\t\t\t\t<div class=\"img-inner dark\" >\n\t\t\t<img width=\"600\" height=\"400\" src=\"https:\/\/cuttingstonemachine.com\/wp-content\/uploads\/2020\/02\/tagliailtufo_23_13.jpg\" class=\"attachment-large size-large\" alt=\"\" loading=\"lazy\" srcset=\"https:\/\/cuttingstonemachine.com\/wp-content\/uploads\/2020\/02\/tagliailtufo_23_13.jpg 600w, https:\/\/cuttingstonemachine.com\/wp-content\/uploads\/2020\/02\/tagliailtufo_23_13-300x200.jpg 300w\" sizes=\"(max-width: 600px) 100vw, 600px\" \/>\t\t\t\t\t\t\n\t\t\t\t\t<\/div>\n\t\t\t\t\t\t\t\t\n<style scope=\"scope\">\n\n#image_1657791061 {\n  width: 100%;\n}\n<\/style>\n\t<\/div>\n\t\n\n\n     <\/div>\n\n     <div class=\"loading-spin dark large centered\"><\/div>\n\n     <style scope=\"scope\">\n             <\/style>\n<\/div><!-- .ux-slider-wrapper -->\n\n\n\n<\/div><\/div>\n<div class=\"col medium-5 small-12 large-5\"  data-animate=\"fadeInUp\"><div class=\"col-inner\"  >\n\n<p style=\"text-align: justify;\">El tercer paso es el posicionamiento de los tres cuerpos b\u00e1sicos de la m\u00e1quina, que son capaces de producir de 1000 a 30,000 bloques por d\u00eda (equivalentes a ocho horas de trabajo), dependiendo del corte en la dureza de los materiales, son: la unidad mec\u00e1nica para corte vertical, la unidad mec\u00e1nica para corte horizontal y la unidad mec\u00e1nica para mover la caja de cambios.<\/p>\n<p style=\"text-align: justify;\">El \u00faltimo es accionado por un motor hidr\u00e1ulico que funciona con correas pertenecientes a la unidad t\u00e9rmica central y es necesario para el movimiento de la caja de engranajes, que tiene lugar en dos l\u00edneas, con dos engranajes: el engranaje de reducci\u00f3n se utiliza cuando la m\u00e1quina est\u00e1 en funci\u00f3n y puede ser posible cambiar su velocidad (0\/12 metros por minuto), utilizando una palanca de ajuste estrechamente conectada a las caracter\u00edsticas de los materiales y un engranaje m\u00e1s r\u00e1pido cuando la m\u00e1quina est\u00e1 parada, para movimientos m\u00e1s r\u00e1pidos (0\/40 metros por minuto).<\/p>\n\n<\/div><\/div>\n\n<\/div>\n\n\t\t<\/div><!-- .section-content -->\n\n\t\t\n<style scope=\"scope\">\n\n#section_1984090297 {\n  padding-top: 75px;\n  padding-bottom: 75px;\n}\n#section_1984090297 .section-bg.bg-loaded {\n  background-image: url(https:\/\/cuttingstonemachine.com\/wp-content\/uploads\/2020\/02\/sfondo-geometrico-chiaro-1.jpg);\n}\n#section_1984090297 .section-bg {\n  background-position: 43% 0%;\n}\n<\/style>\n\t<\/section>\n\t\n\t<section class=\"section has-mask mask-angled-large\" id=\"section_404659493\">\n\t\t<div class=\"bg section-bg fill bg-fill  bg-loaded\" >\n\n\t\t\t\n\t\t\t\n\t\t\t\n\n\t\t<\/div><!-- .section-bg -->\n\n\t\t<div class=\"section-content relative\">\n\t\t\t\n\n\t<div id=\"gap-1974916628\" class=\"gap-element clearfix\" style=\"display:block; height:auto;\">\n\t\t\n<style scope=\"scope\">\n\n#gap-1974916628 {\n  padding-top: 100px;\n}\n<\/style>\n\t<\/div>\n\t\n\n<div class=\"row\"  id=\"row-304583178\">\n\n<div class=\"col small-12 large-12\"  ><div class=\"col-inner text-center\"  >\n\n<div class=\"social-icons follow-icons\" style=\"font-size:150%\"><a href=\"#\" target=\"_blank\" data-label=\"Facebook\"  rel=\"noopener noreferrer nofollow\" class=\"icon button circle is-outline facebook tooltip\" title=\"S\u00edguenos en Facebook\"><i class=\"icon-facebook\" ><\/i><\/a><a href=\"#\" target=\"_blank\" rel=\"noopener noreferrer nofollow\" data-label=\"Instagram\" class=\"icon button circle is-outline  instagram tooltip\" title=\"S\u00edguenos en Instagram\"><i class=\"icon-instagram\" ><\/i><\/a><a href=\"mailto:#\" data-label=\"E-mail\"  rel=\"nofollow\" class=\"icon button circle is-outline  email tooltip\" title=\"Env\u00edanos un email\"><i class=\"icon-envelop\" ><\/i><\/a><a href=\"tel:#\" target=\"_blank\"  data-label=\"Phone\"  rel=\"noopener noreferrer nofollow\" class=\"icon button circle is-outline  phone tooltip\" title=\"Call us\"><i class=\"icon-phone\" ><\/i><\/a><a href=\"#\" target=\"_blank\" rel=\"noopener noreferrer nofollow\" data-label=\"LinkedIn\" class=\"icon button circle is-outline  linkedin tooltip\" title=\"Follow on LinkedIn\"><i class=\"icon-linkedin\" ><\/i><\/a><a href=\"https:\/\/www.youtube.com\/channel\/UCvbqEdKDFkZONPatfFIyPMg\" target=\"_blank\" rel=\"noopener noreferrer nofollow\" data-label=\"YouTube\" class=\"icon button circle is-outline  youtube tooltip\" title=\"S\u00edguenos en Youtube\"><i class=\"icon-youtube\" ><\/i><\/a><\/div>\n\n\n<\/div><\/div>\n\n<\/div>\n\n\t\t<\/div><!-- .section-content -->\n\n\t\t\n<style scope=\"scope\">\n\n#section_404659493 {\n  padding-top: 0px;\n  padding-bottom: 0px;\n  background-color: rgb(35, 31, 32);\n}\n<\/style>\n\t<\/section>\n\t\n\n","protected":false},"excerpt":{"rendered":"","protected":false},"author":2,"featured_media":0,"parent":0,"menu_order":0,"comment_status":"closed","ping_status":"closed","template":"page-transparent-header.php","meta":[],"_links":{"self":[{"href":"https:\/\/cuttingstonemachine.com\/es\/wp-json\/wp\/v2\/pages\/823"}],"collection":[{"href":"https:\/\/cuttingstonemachine.com\/es\/wp-json\/wp\/v2\/pages"}],"about":[{"href":"https:\/\/cuttingstonemachine.com\/es\/wp-json\/wp\/v2\/types\/page"}],"author":[{"embeddable":true,"href":"https:\/\/cuttingstonemachine.com\/es\/wp-json\/wp\/v2\/users\/2"}],"replies":[{"embeddable":true,"href":"https:\/\/cuttingstonemachine.com\/es\/wp-json\/wp\/v2\/comments?post=823"}],"version-history":[{"count":4,"href":"https:\/\/cuttingstonemachine.com\/es\/wp-json\/wp\/v2\/pages\/823\/revisions"}],"predecessor-version":[{"id":879,"href":"https:\/\/cuttingstonemachine.com\/es\/wp-json\/wp\/v2\/pages\/823\/revisions\/879"}],"wp:attachment":[{"href":"https:\/\/cuttingstonemachine.com\/es\/wp-json\/wp\/v2\/media?parent=823"}],"curies":[{"name":"wp","href":"https:\/\/api.w.org\/{rel}","templated":true}]}}