{"id":809,"date":"2020-03-05T08:32:41","date_gmt":"2020-03-05T08:32:41","guid":{"rendered":"https:\/\/cuttingstonemachine.com\/?page_id=809"},"modified":"2021-04-12T15:46:59","modified_gmt":"2021-04-12T15:46:59","slug":"home","status":"publish","type":"page","link":"https:\/\/cuttingstonemachine.com\/es\/","title":{"rendered":"Home"},"content":{"rendered":"\n\n  <div class=\"banner has-hover\" id=\"banner-705220497\">\n          <div class=\"banner-inner fill\">\n        <div class=\"banner-bg fill\" >\n            <div class=\"bg fill bg-fill \"><\/div>\n                                    \n                    <\/div><!-- bg-layers -->\n        <div class=\"banner-layers container\">\n            <div class=\"fill banner-link\"><\/div>            \n\n   <div id=\"text-box-1100736\" class=\"text-box banner-layer x50 md-x50 lg-x50 y75 md-y75 lg-y75 res-text\">\n                                <div class=\"text dark\">\n              \n              <div class=\"text-inner text-center\">\n                  \n\n<h2 class=\"uppercase\">M\u00e1quinas de corte de toba<\/h2>\n<p>Nuestros motores MA.CA. mt.180 se venden en todo el mundo intentando, gracias a nuestra propia construcci\u00f3n en nuestro garaje, satisfacer la solicitud de cada cliente y cuidando los detalles m\u00e1s peque\u00f1os, respaldados por sistemas de alta precisi\u00f3n y materiales de alta calidad y productos de alta calidad.<\/p>\n\n              <\/div>\n           <\/div><!-- text-box-inner -->\n                            \n<style scope=\"scope\">\n\n#text-box-1100736 {\n  width: 56%;\n}\n#text-box-1100736 .text {\n  font-size: 100%;\n}\n<\/style>\n    <\/div><!-- text-box -->\n \n\n        <\/div><!-- .banner-layers -->\n      <\/div><!-- .banner-inner -->\n\n            \n<style scope=\"scope\">\n\n#banner-705220497 {\n  padding-top: 650px;\n  background-color: rgb(35, 31, 32);\n}\n#banner-705220497 .bg.bg-loaded {\n  background-image: url(https:\/\/cuttingstonemachine.com\/wp-content\/uploads\/2020\/01\/sfondo-geometrico.jpg);\n}\n#banner-705220497 .bg {\n  background-position: 55% 0%;\n}\n<\/style>\n  <\/div><!-- .banner -->\n\n\n\t<div id=\"gap-1197438723\" class=\"gap-element clearfix\" style=\"display:block; height:auto;\">\n\t\t\n<style scope=\"scope\">\n\n#gap-1197438723 {\n  padding-top: 50px;\n}\n<\/style>\n\t<\/div>\n\t\n\n<div class=\"row\"  id=\"row-2139237287\">\n\n<div class=\"col medium-5 small-12 large-5\"  data-animate=\"fadeInUp\"><div class=\"col-inner\"  >\n\n\t<div id=\"gap-373953128\" class=\"gap-element clearfix\" style=\"display:block; height:auto;\">\n\t\t\n<style scope=\"scope\">\n\n#gap-373953128 {\n  padding-top: 40px;\n}\n<\/style>\n\t<\/div>\n\t\n\n<div class=\"container section-title-container\" ><h3 class=\"section-title section-title-center\"><b><\/b><span class=\"section-title-main\" >experiencia<\/span><b><\/b><\/h3><\/div><!-- .section-title -->\n\n<p style=\"text-align: justify;\">Ma.Ca. por Marchetti Vasco &amp; C. s.n.c. tiene que ver con la gama mec\u00e1nica de alta precisi\u00f3n.<\/p>\n<p style=\"text-align: justify;\">Con treinta a\u00f1os de experiencia, la empresa puede crear, adem\u00e1s de sus sierras especiales para tobas, areniscas y piedras duras,<\/p>\n<p style=\"text-align: justify;\">en particular, adem\u00e1s, puede satisfacer proyectos a pedido del cliente, m\u00e1quinas industriales de alta precisi\u00f3n, ruedas dentadas, reemplazos y trabajos de carpinter\u00eda.<\/p>\n\n<\/div><\/div>\n<div class=\"col medium-7 small-12 large-7\"  ><div class=\"col-inner\"  >\n\n\t<div class=\"img has-hover x md-x lg-x y md-y lg-y\" id=\"image_727737155\">\n\t\t\t\t\t\t<div data-animate=\"fadeInRight\">\t\t<div class=\"img-inner dark\" >\n\t\t\t<img width=\"700\" height=\"627\" src=\"https:\/\/cuttingstonemachine.com\/wp-content\/uploads\/2020\/02\/macchina-maca.jpg\" class=\"attachment-original size-original\" alt=\"cutting stone machine\" loading=\"lazy\" srcset=\"https:\/\/cuttingstonemachine.com\/wp-content\/uploads\/2020\/02\/macchina-maca.jpg 700w, https:\/\/cuttingstonemachine.com\/wp-content\/uploads\/2020\/02\/macchina-maca-300x269.jpg 300w\" sizes=\"(max-width: 700px) 100vw, 700px\" \/>\t\t\t\t\t\t\n\t\t\t\t\t<\/div>\n\t\t<\/div>\t\t\t\t\t\t\n<style scope=\"scope\">\n\n#image_727737155 {\n  width: 100%;\n}\n<\/style>\n\t<\/div>\n\t\n\n\t<div id=\"gap-884372028\" class=\"gap-element clearfix\" style=\"display:block; height:auto;\">\n\t\t\n<style scope=\"scope\">\n\n#gap-884372028 {\n  padding-top: 53px;\n}\n<\/style>\n\t<\/div>\n\t\n\n\n<\/div><\/div>\n\n<\/div>\n\t<section class=\"section has-mask mask-angled-large\" id=\"section_1784285164\">\n\t\t<div class=\"bg section-bg fill bg-fill  \" >\n\n\t\t\t\n\t\t\t<div class=\"section-bg-overlay absolute fill\"><\/div>\n\t\t\t\n\n\t\t<\/div><!-- .section-bg -->\n\n\t\t<div class=\"section-content relative\">\n\t\t\t\n\n\t<div id=\"gap-1183964931\" class=\"gap-element clearfix\" style=\"display:block; height:auto;\">\n\t\t\n<style scope=\"scope\">\n\n#gap-1183964931 {\n  padding-top: 50px;\n}\n<\/style>\n\t<\/div>\n\t\n\n<div class=\"row\"  id=\"row-450556327\">\n\n<div class=\"col medium-5 small-12 large-5\"  data-animate=\"fadeInLeft\"><div class=\"col-inner\"  >\n\n\t<div class=\"img has-hover x md-x lg-x y md-y lg-y\" id=\"image_1060852207\">\n\t\t\t\t\t\t\t\t<div class=\"img-inner dark\" >\n\t\t\t<img width=\"600\" height=\"394\" src=\"https:\/\/cuttingstonemachine.com\/wp-content\/uploads\/2020\/02\/tagliailtufo21.jpg\" class=\"attachment-large size-large\" alt=\"maca cutting stone machine\" loading=\"lazy\" srcset=\"https:\/\/cuttingstonemachine.com\/wp-content\/uploads\/2020\/02\/tagliailtufo21.jpg 600w, https:\/\/cuttingstonemachine.com\/wp-content\/uploads\/2020\/02\/tagliailtufo21-300x197.jpg 300w\" sizes=\"(max-width: 600px) 100vw, 600px\" \/>\t\t\t\t\t\t\n\t\t\t\t\t<\/div>\n\t\t\t\t\t\t\t\t\n<style scope=\"scope\">\n\n#image_1060852207 {\n  width: 100%;\n}\n<\/style>\n\t<\/div>\n\t\n\n\n<\/div><\/div>\n<div class=\"col medium-7 small-12 large-7\"  data-animate=\"fadeInUp\"><div class=\"col-inner\"  >\n\n\t<div id=\"gap-489078567\" class=\"gap-element clearfix\" style=\"display:block; height:auto;\">\n\t\t\n<style scope=\"scope\">\n\n#gap-489078567 {\n  padding-top: 40px;\n}\n<\/style>\n\t<\/div>\n\t\n\n<div class=\"container section-title-container\" ><h3 class=\"section-title section-title-center\"><b><\/b><span class=\"section-title-main\" >Experiencia y disponibilidad<\/span><b><\/b><\/h3><\/div><!-- .section-title -->\n\n<p style=\"text-align: justify;\">El MA.CA. Las m\u00e1quinas son seguras, poco funcionales y eficientes. Cabe destacar que MA.CA. es una empresa familiar que se ha destacado durante muchos a\u00f1os por su seriedad, competencia y disponibilidad.<\/p>\n\n<\/div><\/div>\n\n<\/div>\n\n\t\t<\/div><!-- .section-content -->\n\n\t\t\n<style scope=\"scope\">\n\n#section_1784285164 {\n  padding-top: 75px;\n  padding-bottom: 75px;\n}\n#section_1784285164 .section-bg-overlay {\n  background-color: rgba(0, 0, 0, 0);\n}\n#section_1784285164 .section-bg.bg-loaded {\n  background-image: url(https:\/\/cuttingstonemachine.com\/wp-content\/uploads\/2020\/02\/sfondo-geometrico-chiaro-1.jpg);\n}\n#section_1784285164 .section-bg {\n  background-position: 49% 0%;\n}\n<\/style>\n\t<\/section>\n\t\n\t<section class=\"section has-mask mask-angled-large\" id=\"section_848290059\">\n\t\t<div class=\"bg section-bg fill bg-fill  bg-loaded\" >\n\n\t\t\t\n\t\t\t\n\t\t\t\n\n\t\t<\/div><!-- .section-bg -->\n\n\t\t<div class=\"section-content relative\">\n\t\t\t\n\n\t<div id=\"gap-999693186\" class=\"gap-element clearfix\" style=\"display:block; height:auto;\">\n\t\t\n<style scope=\"scope\">\n\n#gap-999693186 {\n  padding-top: 100px;\n}\n<\/style>\n\t<\/div>\n\t\n\n<div class=\"row\"  id=\"row-1945390890\">\n\n<div class=\"col small-12 large-12\"  ><div class=\"col-inner text-center\"  >\n\n<div class=\"social-icons follow-icons\" style=\"font-size:150%\"><a href=\"#\" target=\"_blank\" data-label=\"Facebook\"  rel=\"noopener noreferrer nofollow\" class=\"icon button circle is-outline facebook tooltip\" title=\"S\u00edguenos en Facebook\"><i class=\"icon-facebook\" ><\/i><\/a><a href=\"#\" target=\"_blank\" rel=\"noopener noreferrer nofollow\" data-label=\"Instagram\" class=\"icon button circle is-outline  instagram tooltip\" title=\"S\u00edguenos en Instagram\"><i class=\"icon-instagram\" ><\/i><\/a><a href=\"mailto:#\" data-label=\"E-mail\"  rel=\"nofollow\" class=\"icon button circle is-outline  email tooltip\" title=\"Env\u00edanos un email\"><i class=\"icon-envelop\" ><\/i><\/a><a href=\"tel:#\" target=\"_blank\"  data-label=\"Phone\"  rel=\"noopener noreferrer nofollow\" class=\"icon button circle is-outline  phone tooltip\" title=\"Call us\"><i class=\"icon-phone\" ><\/i><\/a><a href=\"#\" target=\"_blank\" rel=\"noopener noreferrer nofollow\" data-label=\"LinkedIn\" class=\"icon button circle is-outline  linkedin tooltip\" title=\"Follow on LinkedIn\"><i class=\"icon-linkedin\" ><\/i><\/a><a href=\"https:\/\/www.youtube.com\/channel\/UCvbqEdKDFkZONPatfFIyPMg\" target=\"_blank\" rel=\"noopener noreferrer nofollow\" data-label=\"YouTube\" class=\"icon button circle is-outline  youtube tooltip\" title=\"S\u00edguenos en Youtube\"><i class=\"icon-youtube\" ><\/i><\/a><\/div>\n\n\n<\/div><\/div>\n\n<\/div>\n\n\t\t<\/div><!-- .section-content -->\n\n\t\t\n<style scope=\"scope\">\n\n#section_848290059 {\n  padding-top: 0px;\n  padding-bottom: 0px;\n  background-color: rgb(35, 31, 32);\n}\n<\/style>\n\t<\/section>\n\t\n<div id=\"newsletter-signup-link\"\n    class=\"lightbox-by-id lightbox-content mfp-hide lightbox-white \"\n    style=\"max-width:600px ;padding:20px\">\n    \n\n  <div class=\"banner has-hover\" id=\"banner-692820086\">\n          <div class=\"banner-inner fill\">\n        <div class=\"banner-bg fill\" >\n            <div class=\"bg fill bg-fill \"><\/div>\n                                    \n                    <\/div><!-- bg-layers -->\n        <div class=\"banner-layers container\">\n            <div class=\"fill banner-link\"><\/div>            \n   <div id=\"text-box-1292571547\" class=\"text-box banner-layer x50 md-x50 lg-x50 y50 md-y50 lg-y50 res-text\">\n                                <div class=\"text dark\">\n              \n              <div class=\"text-inner text-center\">\n                  \n<h3>Email oficial:<br><strong>info@cuttingstonemachine.com<\/strong><\/h3>\n<h3><br>Telefono oficial:<br><strong>+39 339 6823578<\/strong><\/h3>\n<h5>Tenga cuidado con las comunicaciones que provienen de canales no oficiales.<\/h5>\n              <\/div>\n           <\/div><!-- text-box-inner -->\n                            \n<style scope=\"scope\">\n\n#text-box-1292571547 {\n  width: 100%;\n}\n#text-box-1292571547 .text {\n  font-size: 100%;\n}\n<\/style>\n    <\/div><!-- text-box -->\n \n        <\/div><!-- .banner-layers -->\n      <\/div><!-- .banner-inner -->\n\n            \n<style scope=\"scope\">\n\n#banner-692820086 {\n  padding-top: 500px;\n}\n<\/style>\n  <\/div><!-- .banner -->\n\n\n<\/div>\n<script>\n\/\/ Auto open lightboxes\njQuery(document).ready(function($) {\n\n    \/\/ auto open lightbox\n           cookie(\"lightbox_newsletter-signup-link\", false);    \/\/ run lightbox if no cookie is set\n     if(cookie(\"lightbox_newsletter-signup-link\") !== 'opened'){\n          \/\/ Open lightbox\n          setTimeout(function(){\n              $.magnificPopup.open({midClick: true, removalDelay: 300, items: { src: '#newsletter-signup-link', type: 'inline'}});\n          }, 3000);\n\n          \/\/ set cookie\n          cookie(\"lightbox_newsletter-signup-link\", \"opened\");\n      }\n});\n<\/script>\n\n\n","protected":false},"excerpt":{"rendered":"","protected":false},"author":2,"featured_media":0,"parent":0,"menu_order":0,"comment_status":"closed","ping_status":"closed","template":"page-transparent-header.php","meta":[],"_links":{"self":[{"href":"https:\/\/cuttingstonemachine.com\/es\/wp-json\/wp\/v2\/pages\/809"}],"collection":[{"href":"https:\/\/cuttingstonemachine.com\/es\/wp-json\/wp\/v2\/pages"}],"about":[{"href":"https:\/\/cuttingstonemachine.com\/es\/wp-json\/wp\/v2\/types\/page"}],"author":[{"embeddable":true,"href":"https:\/\/cuttingstonemachine.com\/es\/wp-json\/wp\/v2\/users\/2"}],"replies":[{"embeddable":true,"href":"https:\/\/cuttingstonemachine.com\/es\/wp-json\/wp\/v2\/comments?post=809"}],"version-history":[{"count":4,"href":"https:\/\/cuttingstonemachine.com\/es\/wp-json\/wp\/v2\/pages\/809\/revisions"}],"predecessor-version":[{"id":980,"href":"https:\/\/cuttingstonemachine.com\/es\/wp-json\/wp\/v2\/pages\/809\/revisions\/980"}],"wp:attachment":[{"href":"https:\/\/cuttingstonemachine.com\/es\/wp-json\/wp\/v2\/media?parent=809"}],"curies":[{"name":"wp","href":"https:\/\/api.w.org\/{rel}","templated":true}]}}